{"id":893,"date":"2022-06-18T14:30:11","date_gmt":"2022-06-18T14:30:11","guid":{"rendered":"http:\/\/marcbuleon.com\/conte\/?page_id=893"},"modified":"2025-03-02T17:29:01","modified_gmt":"2025-03-02T17:29:01","slug":"marqueteries-insolites","status":"publish","type":"page","link":"https:\/\/marcbuleon.com\/conte\/?page_id=893","title":{"rendered":"MARQUETERIES INSOLITES"},"content":{"rendered":"\n<p>L&rsquo;envie de devenir conteur m&rsquo;est en partie venue dans le silence de mon atelier d&rsquo;\u00e9b\u00e9nisterie dans les ann\u00e9es 80. Quarante ans plus tard, j&rsquo;y retourne lib\u00e9r\u00e9 des codes et des conventions de la marqueterie. Une autre fa\u00e7on de raconter des histoires&#8230; <\/p>\n\n\n\n<p class=\"has-medium-font-size\">Pour en savoir plus, rendez-vous sur mon site d\u00e9di\u00e9 aux marqueteries :<\/p>\n\n\n\n<p><\/p>\n\n\n\n<p class=\"has-medium-font-size\"><a href=\"https:\/\/marcbuleon5.wixsite.com\/marqueteries\">https:\/\/marcbuleon5.wixsite.com\/marqueteries<\/a><\/p>\n\n\n\n<p>Contact : 06 61 89 92 94<\/p>\n\n\n\n<figure class=\"wp-block-gallery has-nested-images columns-2 is-cropped\">\n<figure class=\"wp-block-image size-full\"><a href=\"https:\/\/i0.wp.com\/marcbuleon.com\/conte\/wp-content\/uploads\/2022\/06\/Martinique-1.jpg\"><img data-attachment-id=\"903\" data-permalink=\"https:\/\/marcbuleon.com\/conte\/?attachment_id=903\" data-orig-file=\"https:\/\/i0.wp.com\/marcbuleon.com\/conte\/wp-content\/uploads\/2022\/06\/Martinique-1.jpg?fit=495%2C748&amp;ssl=1\" data-orig-size=\"495,748\" data-comments-opened=\"0\" data-image-meta=\"{&quot;aperture&quot;:&quot;0&quot;,&quot;credit&quot;:&quot;&quot;,&quot;camera&quot;:&quot;&quot;,&quot;caption&quot;:&quot;&quot;,&quot;created_timestamp&quot;:&quot;0&quot;,&quot;copyright&quot;:&quot;&quot;,&quot;focal_length&quot;:&quot;0&quot;,&quot;iso&quot;:&quot;0&quot;,&quot;shutter_speed&quot;:&quot;0&quot;,&quot;title&quot;:&quot;&quot;,&quot;orientation&quot;:&quot;1&quot;}\" data-image-title=\"Martinique-1\" data-image-description=\"\" data-medium-file=\"https:\/\/i0.wp.com\/marcbuleon.com\/conte\/wp-content\/uploads\/2022\/06\/Martinique-1.jpg?fit=199%2C300&amp;ssl=1\" data-large-file=\"https:\/\/i0.wp.com\/marcbuleon.com\/conte\/wp-content\/uploads\/2022\/06\/Martinique-1.jpg?fit=495%2C748&amp;ssl=1\" loading=\"lazy\" width=\"495\" height=\"748\" data-id=\"903\"  src=\"https:\/\/i0.wp.com\/marcbuleon.com\/conte\/wp-content\/uploads\/2022\/06\/Martinique-1.jpg?resize=495%2C748\" alt=\"\" class=\"wp-image-903\" srcset=\"https:\/\/i0.wp.com\/marcbuleon.com\/conte\/wp-content\/uploads\/2022\/06\/Martinique-1.jpg?w=495&amp;ssl=1 495w, https:\/\/i0.wp.com\/marcbuleon.com\/conte\/wp-content\/uploads\/2022\/06\/Martinique-1.jpg?resize=199%2C300&amp;ssl=1 199w\" sizes=\"(max-width: 495px) 100vw, 495px\" data-recalc-dims=\"1\" \/><\/a><figcaption>Martinique 1 (160 x 105)<\/figcaption><\/figure>\n\n\n\n<figure class=\"wp-block-image size-full\"><a href=\"https:\/\/i0.wp.com\/marcbuleon.com\/conte\/wp-content\/uploads\/2022\/06\/Martinique-2.png\"><img data-attachment-id=\"904\" data-permalink=\"https:\/\/marcbuleon.com\/conte\/?attachment_id=904\" data-orig-file=\"https:\/\/i0.wp.com\/marcbuleon.com\/conte\/wp-content\/uploads\/2022\/06\/Martinique-2.png?fit=433%2C865&amp;ssl=1\" data-orig-size=\"433,865\" data-comments-opened=\"0\" data-image-meta=\"{&quot;aperture&quot;:&quot;0&quot;,&quot;credit&quot;:&quot;&quot;,&quot;camera&quot;:&quot;&quot;,&quot;caption&quot;:&quot;&quot;,&quot;created_timestamp&quot;:&quot;0&quot;,&quot;copyright&quot;:&quot;&quot;,&quot;focal_length&quot;:&quot;0&quot;,&quot;iso&quot;:&quot;0&quot;,&quot;shutter_speed&quot;:&quot;0&quot;,&quot;title&quot;:&quot;&quot;,&quot;orientation&quot;:&quot;0&quot;}\" data-image-title=\"Martinique-2\" data-image-description=\"\" data-medium-file=\"https:\/\/i0.wp.com\/marcbuleon.com\/conte\/wp-content\/uploads\/2022\/06\/Martinique-2.png?fit=150%2C300&amp;ssl=1\" data-large-file=\"https:\/\/i0.wp.com\/marcbuleon.com\/conte\/wp-content\/uploads\/2022\/06\/Martinique-2.png?fit=433%2C865&amp;ssl=1\" loading=\"lazy\" width=\"433\" height=\"865\" data-id=\"904\"  src=\"https:\/\/i0.wp.com\/marcbuleon.com\/conte\/wp-content\/uploads\/2022\/06\/Martinique-2.png?resize=433%2C865\" alt=\"\" class=\"wp-image-904\" srcset=\"https:\/\/i0.wp.com\/marcbuleon.com\/conte\/wp-content\/uploads\/2022\/06\/Martinique-2.png?w=433&amp;ssl=1 433w, https:\/\/i0.wp.com\/marcbuleon.com\/conte\/wp-content\/uploads\/2022\/06\/Martinique-2.png?resize=150%2C300&amp;ssl=1 150w\" sizes=\"(max-width: 433px) 100vw, 433px\" data-recalc-dims=\"1\" \/><\/a><figcaption>Martinique 2 (120 x 60)<\/figcaption><\/figure>\n<\/figure>\n\n\n\n<figure class=\"wp-block-gallery has-nested-images columns-default is-cropped\">\n<figure class=\"wp-block-image size-full\"><a href=\"https:\/\/i2.wp.com\/marcbuleon.com\/conte\/wp-content\/uploads\/2024\/03\/Le-Tortueux.jpg\"><img data-attachment-id=\"976\" data-permalink=\"https:\/\/marcbuleon.com\/conte\/?attachment_id=976\" data-orig-file=\"https:\/\/i2.wp.com\/marcbuleon.com\/conte\/wp-content\/uploads\/2024\/03\/Le-Tortueux.jpg?fit=1256%2C1802&amp;ssl=1\" data-orig-size=\"1256,1802\" data-comments-opened=\"0\" data-image-meta=\"{&quot;aperture&quot;:&quot;0&quot;,&quot;credit&quot;:&quot;&quot;,&quot;camera&quot;:&quot;&quot;,&quot;caption&quot;:&quot;&quot;,&quot;created_timestamp&quot;:&quot;1707227260&quot;,&quot;copyright&quot;:&quot;&quot;,&quot;focal_length&quot;:&quot;0&quot;,&quot;iso&quot;:&quot;0&quot;,&quot;shutter_speed&quot;:&quot;0&quot;,&quot;title&quot;:&quot;&quot;,&quot;orientation&quot;:&quot;1&quot;}\" data-image-title=\"Le-Tortueux\" data-image-description=\"\" data-medium-file=\"https:\/\/i2.wp.com\/marcbuleon.com\/conte\/wp-content\/uploads\/2024\/03\/Le-Tortueux.jpg?fit=209%2C300&amp;ssl=1\" data-large-file=\"https:\/\/i2.wp.com\/marcbuleon.com\/conte\/wp-content\/uploads\/2024\/03\/Le-Tortueux.jpg?fit=665%2C954&amp;ssl=1\" loading=\"lazy\" width=\"665\" height=\"954\" data-id=\"976\"  src=\"https:\/\/i2.wp.com\/marcbuleon.com\/conte\/wp-content\/uploads\/2024\/03\/Le-Tortueux.jpg?resize=665%2C954\" alt=\"\" class=\"wp-image-976\" srcset=\"https:\/\/i2.wp.com\/marcbuleon.com\/conte\/wp-content\/uploads\/2024\/03\/Le-Tortueux.jpg?w=1256&amp;ssl=1 1256w, https:\/\/i2.wp.com\/marcbuleon.com\/conte\/wp-content\/uploads\/2024\/03\/Le-Tortueux.jpg?resize=209%2C300&amp;ssl=1 209w, https:\/\/i2.wp.com\/marcbuleon.com\/conte\/wp-content\/uploads\/2024\/03\/Le-Tortueux.jpg?resize=714%2C1024&amp;ssl=1 714w, https:\/\/i2.wp.com\/marcbuleon.com\/conte\/wp-content\/uploads\/2024\/03\/Le-Tortueux.jpg?resize=768%2C1102&amp;ssl=1 768w, https:\/\/i2.wp.com\/marcbuleon.com\/conte\/wp-content\/uploads\/2024\/03\/Le-Tortueux.jpg?resize=1071%2C1536&amp;ssl=1 1071w\" sizes=\"(max-width: 665px) 100vw, 665px\" data-recalc-dims=\"1\" \/><\/a><figcaption>Le Tortueux (0,96m x 0,68m))<\/figcaption><\/figure>\n\n\n\n<figure class=\"wp-block-image size-large\"><a href=\"https:\/\/i2.wp.com\/marcbuleon.com\/conte\/wp-content\/uploads\/2024\/03\/Latla-1-scaled.jpg\"><img data-attachment-id=\"977\" data-permalink=\"https:\/\/marcbuleon.com\/conte\/?attachment_id=977\" data-orig-file=\"https:\/\/i2.wp.com\/marcbuleon.com\/conte\/wp-content\/uploads\/2024\/03\/Latla-1-scaled.jpg?fit=692%2C2560&amp;ssl=1\" data-orig-size=\"692,2560\" data-comments-opened=\"0\" data-image-meta=\"{&quot;aperture&quot;:&quot;5&quot;,&quot;credit&quot;:&quot;&quot;,&quot;camera&quot;:&quot;DMC-TZ80&quot;,&quot;caption&quot;:&quot;&quot;,&quot;created_timestamp&quot;:&quot;1685444749&quot;,&quot;copyright&quot;:&quot;&quot;,&quot;focal_length&quot;:&quot;6.7&quot;,&quot;iso&quot;:&quot;320&quot;,&quot;shutter_speed&quot;:&quot;0.0125&quot;,&quot;title&quot;:&quot;&quot;,&quot;orientation&quot;:&quot;1&quot;}\" data-image-title=\"Latla-1\" data-image-description=\"\" data-medium-file=\"https:\/\/i2.wp.com\/marcbuleon.com\/conte\/wp-content\/uploads\/2024\/03\/Latla-1-scaled.jpg?fit=81%2C300&amp;ssl=1\" data-large-file=\"https:\/\/i2.wp.com\/marcbuleon.com\/conte\/wp-content\/uploads\/2024\/03\/Latla-1-scaled.jpg?fit=277%2C1024&amp;ssl=1\" loading=\"lazy\" width=\"692\" height=\"2560\" data-id=\"977\"  src=\"https:\/\/i2.wp.com\/marcbuleon.com\/conte\/wp-content\/uploads\/2024\/03\/Latla-1-scaled.jpg?fit=277%2C1024\" alt=\"\" class=\"wp-image-977\" srcset=\"https:\/\/i2.wp.com\/marcbuleon.com\/conte\/wp-content\/uploads\/2024\/03\/Latla-1-scaled.jpg?w=692&amp;ssl=1 692w, https:\/\/i2.wp.com\/marcbuleon.com\/conte\/wp-content\/uploads\/2024\/03\/Latla-1-scaled.jpg?resize=81%2C300&amp;ssl=1 81w, https:\/\/i2.wp.com\/marcbuleon.com\/conte\/wp-content\/uploads\/2024\/03\/Latla-1-scaled.jpg?resize=277%2C1024&amp;ssl=1 277w, https:\/\/i2.wp.com\/marcbuleon.com\/conte\/wp-content\/uploads\/2024\/03\/Latla-1-scaled.jpg?resize=768%2C2842&amp;ssl=1 768w, https:\/\/i2.wp.com\/marcbuleon.com\/conte\/wp-content\/uploads\/2024\/03\/Latla-1-scaled.jpg?resize=415%2C1536&amp;ssl=1 415w, https:\/\/i2.wp.com\/marcbuleon.com\/conte\/wp-content\/uploads\/2024\/03\/Latla-1-scaled.jpg?resize=554%2C2048&amp;ssl=1 554w\" sizes=\"(max-width: 665px) 100vw, 665px\" \/><\/a><figcaption>Latla 1 (172 x 50)<\/figcaption><\/figure>\n<\/figure>\n\n\n\n<figure class=\"wp-block-image size-large\"><a href=\"https:\/\/i1.wp.com\/marcbuleon.com\/conte\/wp-content\/uploads\/2024\/03\/Taureau-scaled.jpg\"><img data-attachment-id=\"970\" data-permalink=\"https:\/\/marcbuleon.com\/conte\/?attachment_id=970\" data-orig-file=\"https:\/\/i1.wp.com\/marcbuleon.com\/conte\/wp-content\/uploads\/2024\/03\/Taureau-scaled.jpg?fit=2560%2C1447&amp;ssl=1\" data-orig-size=\"2560,1447\" data-comments-opened=\"0\" data-image-meta=\"{&quot;aperture&quot;:&quot;0&quot;,&quot;credit&quot;:&quot;&quot;,&quot;camera&quot;:&quot;&quot;,&quot;caption&quot;:&quot;&quot;,&quot;created_timestamp&quot;:&quot;1687620193&quot;,&quot;copyright&quot;:&quot;&quot;,&quot;focal_length&quot;:&quot;0&quot;,&quot;iso&quot;:&quot;0&quot;,&quot;shutter_speed&quot;:&quot;0&quot;,&quot;title&quot;:&quot;&quot;,&quot;orientation&quot;:&quot;1&quot;}\" data-image-title=\"Taureau\" data-image-description=\"\" data-medium-file=\"https:\/\/i1.wp.com\/marcbuleon.com\/conte\/wp-content\/uploads\/2024\/03\/Taureau-scaled.jpg?fit=300%2C170&amp;ssl=1\" data-large-file=\"https:\/\/i1.wp.com\/marcbuleon.com\/conte\/wp-content\/uploads\/2024\/03\/Taureau-scaled.jpg?fit=665%2C376&amp;ssl=1\" loading=\"lazy\" width=\"2560\" height=\"1447\" src=\"https:\/\/i1.wp.com\/marcbuleon.com\/conte\/wp-content\/uploads\/2024\/03\/Taureau-scaled.jpg?fit=665%2C376\" alt=\"\" class=\"wp-image-970\" srcset=\"https:\/\/i1.wp.com\/marcbuleon.com\/conte\/wp-content\/uploads\/2024\/03\/Taureau-scaled.jpg?w=2560&amp;ssl=1 2560w, https:\/\/i1.wp.com\/marcbuleon.com\/conte\/wp-content\/uploads\/2024\/03\/Taureau-scaled.jpg?resize=300%2C170&amp;ssl=1 300w, https:\/\/i1.wp.com\/marcbuleon.com\/conte\/wp-content\/uploads\/2024\/03\/Taureau-scaled.jpg?resize=1024%2C579&amp;ssl=1 1024w, https:\/\/i1.wp.com\/marcbuleon.com\/conte\/wp-content\/uploads\/2024\/03\/Taureau-scaled.jpg?resize=768%2C434&amp;ssl=1 768w, https:\/\/i1.wp.com\/marcbuleon.com\/conte\/wp-content\/uploads\/2024\/03\/Taureau-scaled.jpg?resize=1536%2C868&amp;ssl=1 1536w, https:\/\/i1.wp.com\/marcbuleon.com\/conte\/wp-content\/uploads\/2024\/03\/Taureau-scaled.jpg?resize=2048%2C1157&amp;ssl=1 2048w, https:\/\/i1.wp.com\/marcbuleon.com\/conte\/wp-content\/uploads\/2024\/03\/Taureau-scaled.jpg?w=1330 1330w, https:\/\/i1.wp.com\/marcbuleon.com\/conte\/wp-content\/uploads\/2024\/03\/Taureau-scaled.jpg?w=1995 1995w\" sizes=\"(max-width: 665px) 100vw, 665px\" \/><\/a><figcaption>Taureau ( 1,02m x 0,60m)<\/figcaption><\/figure>\n\n\n\n<figure class=\"wp-block-image size-large\"><a href=\"https:\/\/i1.wp.com\/marcbuleon.com\/conte\/wp-content\/uploads\/2024\/03\/Au-bout-du-chemin-scaled.jpg\"><img data-attachment-id=\"973\" data-permalink=\"https:\/\/marcbuleon.com\/conte\/?attachment_id=973\" data-orig-file=\"https:\/\/i1.wp.com\/marcbuleon.com\/conte\/wp-content\/uploads\/2024\/03\/Au-bout-du-chemin-scaled.jpg?fit=532%2C2560&amp;ssl=1\" data-orig-size=\"532,2560\" data-comments-opened=\"0\" data-image-meta=\"{&quot;aperture&quot;:&quot;0&quot;,&quot;credit&quot;:&quot;&quot;,&quot;camera&quot;:&quot;&quot;,&quot;caption&quot;:&quot;&quot;,&quot;created_timestamp&quot;:&quot;1707237341&quot;,&quot;copyright&quot;:&quot;&quot;,&quot;focal_length&quot;:&quot;0&quot;,&quot;iso&quot;:&quot;0&quot;,&quot;shutter_speed&quot;:&quot;0&quot;,&quot;title&quot;:&quot;&quot;,&quot;orientation&quot;:&quot;1&quot;}\" data-image-title=\"Au-bout-du-chemin\" data-image-description=\"\" data-medium-file=\"https:\/\/i1.wp.com\/marcbuleon.com\/conte\/wp-content\/uploads\/2024\/03\/Au-bout-du-chemin-scaled.jpg?fit=62%2C300&amp;ssl=1\" data-large-file=\"https:\/\/i1.wp.com\/marcbuleon.com\/conte\/wp-content\/uploads\/2024\/03\/Au-bout-du-chemin-scaled.jpg?fit=213%2C1024&amp;ssl=1\" loading=\"lazy\" width=\"532\" height=\"2560\" src=\"https:\/\/i1.wp.com\/marcbuleon.com\/conte\/wp-content\/uploads\/2024\/03\/Au-bout-du-chemin-scaled.jpg?fit=213%2C1024\" alt=\"\" class=\"wp-image-973\" srcset=\"https:\/\/i1.wp.com\/marcbuleon.com\/conte\/wp-content\/uploads\/2024\/03\/Au-bout-du-chemin-scaled.jpg?w=532&amp;ssl=1 532w, https:\/\/i1.wp.com\/marcbuleon.com\/conte\/wp-content\/uploads\/2024\/03\/Au-bout-du-chemin-scaled.jpg?resize=213%2C1024&amp;ssl=1 213w, https:\/\/i1.wp.com\/marcbuleon.com\/conte\/wp-content\/uploads\/2024\/03\/Au-bout-du-chemin-scaled.jpg?resize=319%2C1536&amp;ssl=1 319w\" sizes=\"(max-width: 532px) 100vw, 532px\" \/><\/a><figcaption>Au bout du chemin (1,60m x 0,35m)<\/figcaption><\/figure>\n\n\n\n<figure class=\"wp-block-image size-large\"><a href=\"https:\/\/i2.wp.com\/marcbuleon.com\/conte\/wp-content\/uploads\/2024\/03\/MEnfin-presque-1-scaled.jpg\"><img data-attachment-id=\"980\" data-permalink=\"https:\/\/marcbuleon.com\/conte\/?attachment_id=980\" data-orig-file=\"https:\/\/i2.wp.com\/marcbuleon.com\/conte\/wp-content\/uploads\/2024\/03\/MEnfin-presque-1-scaled.jpg?fit=1920%2C2560&amp;ssl=1\" data-orig-size=\"1920,2560\" data-comments-opened=\"0\" data-image-meta=\"{&quot;aperture&quot;:&quot;0&quot;,&quot;credit&quot;:&quot;&quot;,&quot;camera&quot;:&quot;&quot;,&quot;caption&quot;:&quot;&quot;,&quot;created_timestamp&quot;:&quot;0&quot;,&quot;copyright&quot;:&quot;&quot;,&quot;focal_length&quot;:&quot;0&quot;,&quot;iso&quot;:&quot;0&quot;,&quot;shutter_speed&quot;:&quot;0&quot;,&quot;title&quot;:&quot;&quot;,&quot;orientation&quot;:&quot;0&quot;}\" data-image-title=\"MEnfin-presque-1\" data-image-description=\"\" data-medium-file=\"https:\/\/i2.wp.com\/marcbuleon.com\/conte\/wp-content\/uploads\/2024\/03\/MEnfin-presque-1-scaled.jpg?fit=225%2C300&amp;ssl=1\" data-large-file=\"https:\/\/i2.wp.com\/marcbuleon.com\/conte\/wp-content\/uploads\/2024\/03\/MEnfin-presque-1-scaled.jpg?fit=665%2C887&amp;ssl=1\" loading=\"lazy\" width=\"1920\" height=\"2560\" src=\"https:\/\/i2.wp.com\/marcbuleon.com\/conte\/wp-content\/uploads\/2024\/03\/MEnfin-presque-1-scaled.jpg?fit=665%2C887\" alt=\"\" class=\"wp-image-980\" srcset=\"https:\/\/i2.wp.com\/marcbuleon.com\/conte\/wp-content\/uploads\/2024\/03\/MEnfin-presque-1-scaled.jpg?w=1920&amp;ssl=1 1920w, https:\/\/i2.wp.com\/marcbuleon.com\/conte\/wp-content\/uploads\/2024\/03\/MEnfin-presque-1-scaled.jpg?resize=225%2C300&amp;ssl=1 225w, https:\/\/i2.wp.com\/marcbuleon.com\/conte\/wp-content\/uploads\/2024\/03\/MEnfin-presque-1-scaled.jpg?resize=768%2C1024&amp;ssl=1 768w, https:\/\/i2.wp.com\/marcbuleon.com\/conte\/wp-content\/uploads\/2024\/03\/MEnfin-presque-1-scaled.jpg?resize=1152%2C1536&amp;ssl=1 1152w, https:\/\/i2.wp.com\/marcbuleon.com\/conte\/wp-content\/uploads\/2024\/03\/MEnfin-presque-1-scaled.jpg?resize=1536%2C2048&amp;ssl=1 1536w, https:\/\/i2.wp.com\/marcbuleon.com\/conte\/wp-content\/uploads\/2024\/03\/MEnfin-presque-1-scaled.jpg?w=1330 1330w\" sizes=\"(max-width: 665px) 100vw, 665px\" \/><\/a><figcaption>Enfin presque (1,60m x 0,35m)<\/figcaption><\/figure>\n\n\n\n<figure class=\"wp-block-image size-large\"><a href=\"https:\/\/i1.wp.com\/marcbuleon.com\/conte\/wp-content\/uploads\/2024\/03\/La-ou-se-perd-le-Golfe-scaled.jpg\"><img data-attachment-id=\"975\" data-permalink=\"https:\/\/marcbuleon.com\/conte\/?attachment_id=975\" data-orig-file=\"https:\/\/i1.wp.com\/marcbuleon.com\/conte\/wp-content\/uploads\/2024\/03\/La-ou-se-perd-le-Golfe-scaled.jpg?fit=911%2C2560&amp;ssl=1\" data-orig-size=\"911,2560\" data-comments-opened=\"0\" data-image-meta=\"{&quot;aperture&quot;:&quot;0&quot;,&quot;credit&quot;:&quot;&quot;,&quot;camera&quot;:&quot;&quot;,&quot;caption&quot;:&quot;&quot;,&quot;created_timestamp&quot;:&quot;1707237348&quot;,&quot;copyright&quot;:&quot;&quot;,&quot;focal_length&quot;:&quot;0&quot;,&quot;iso&quot;:&quot;0&quot;,&quot;shutter_speed&quot;:&quot;0&quot;,&quot;title&quot;:&quot;&quot;,&quot;orientation&quot;:&quot;1&quot;}\" data-image-title=\"La-ou-se-perd-le-Golfe\" data-image-description=\"\" data-medium-file=\"https:\/\/i1.wp.com\/marcbuleon.com\/conte\/wp-content\/uploads\/2024\/03\/La-ou-se-perd-le-Golfe-scaled.jpg?fit=107%2C300&amp;ssl=1\" data-large-file=\"https:\/\/i1.wp.com\/marcbuleon.com\/conte\/wp-content\/uploads\/2024\/03\/La-ou-se-perd-le-Golfe-scaled.jpg?fit=365%2C1024&amp;ssl=1\" loading=\"lazy\" width=\"911\" height=\"2560\" src=\"https:\/\/i1.wp.com\/marcbuleon.com\/conte\/wp-content\/uploads\/2024\/03\/La-ou-se-perd-le-Golfe-scaled.jpg?fit=365%2C1024\" alt=\"\" class=\"wp-image-975\" srcset=\"https:\/\/i1.wp.com\/marcbuleon.com\/conte\/wp-content\/uploads\/2024\/03\/La-ou-se-perd-le-Golfe-scaled.jpg?w=911&amp;ssl=1 911w, https:\/\/i1.wp.com\/marcbuleon.com\/conte\/wp-content\/uploads\/2024\/03\/La-ou-se-perd-le-Golfe-scaled.jpg?resize=107%2C300&amp;ssl=1 107w, https:\/\/i1.wp.com\/marcbuleon.com\/conte\/wp-content\/uploads\/2024\/03\/La-ou-se-perd-le-Golfe-scaled.jpg?resize=768%2C2157&amp;ssl=1 768w, https:\/\/i1.wp.com\/marcbuleon.com\/conte\/wp-content\/uploads\/2024\/03\/La-ou-se-perd-le-Golfe-scaled.jpg?resize=547%2C1536&amp;ssl=1 547w, https:\/\/i1.wp.com\/marcbuleon.com\/conte\/wp-content\/uploads\/2024\/03\/La-ou-se-perd-le-Golfe-scaled.jpg?resize=729%2C2048&amp;ssl=1 729w\" sizes=\"(max-width: 665px) 100vw, 665px\" \/><\/a><figcaption>L\u00e0 o\u00f9 se perd le Golfe (1m x 0,40m)<\/figcaption><\/figure>\n\n\n\n<figure class=\"wp-block-image\"><img alt=\"\"\/><\/figure>\n","protected":false},"excerpt":{"rendered":"<p>L&rsquo;envie de devenir conteur m&rsquo;est en partie venue dans le silence de mon atelier d&rsquo;\u00e9b\u00e9nisterie dans les ann\u00e9es 80. Quarante ans plus tard, j&rsquo;y retourne lib\u00e9r\u00e9 des codes et des conventions de la marqueterie. Une autre fa\u00e7on de raconter des histoires&#8230; Pour en savoir plus, rendez-vous sur mon site d\u00e9di\u00e9 aux marqueteries : https:\/\/marcbuleon5.wixsite.com\/marqueteries Contact [&hellip;]<\/p>\n","protected":false},"author":1,"featured_media":0,"parent":0,"menu_order":0,"comment_status":"closed","ping_status":"closed","template":"","meta":{"spay_email":""},"jetpack_sharing_enabled":true,"jetpack_likes_enabled":true,"_links":{"self":[{"href":"https:\/\/marcbuleon.com\/conte\/index.php?rest_route=\/wp\/v2\/pages\/893"}],"collection":[{"href":"https:\/\/marcbuleon.com\/conte\/index.php?rest_route=\/wp\/v2\/pages"}],"about":[{"href":"https:\/\/marcbuleon.com\/conte\/index.php?rest_route=\/wp\/v2\/types\/page"}],"author":[{"embeddable":true,"href":"https:\/\/marcbuleon.com\/conte\/index.php?rest_route=\/wp\/v2\/users\/1"}],"replies":[{"embeddable":true,"href":"https:\/\/marcbuleon.com\/conte\/index.php?rest_route=%2Fwp%2Fv2%2Fcomments&post=893"}],"version-history":[{"count":10,"href":"https:\/\/marcbuleon.com\/conte\/index.php?rest_route=\/wp\/v2\/pages\/893\/revisions"}],"predecessor-version":[{"id":1006,"href":"https:\/\/marcbuleon.com\/conte\/index.php?rest_route=\/wp\/v2\/pages\/893\/revisions\/1006"}],"wp:attachment":[{"href":"https:\/\/marcbuleon.com\/conte\/index.php?rest_route=%2Fwp%2Fv2%2Fmedia&parent=893"}],"curies":[{"name":"wp","href":"https:\/\/api.w.org\/{rel}","templated":true}]}}