{"id":812,"date":"2020-08-12T13:23:46","date_gmt":"2020-08-12T13:23:46","guid":{"rendered":"http:\/\/marcbuleon.com\/conte\/?page_id=812"},"modified":"2020-08-25T13:31:10","modified_gmt":"2020-08-25T13:31:10","slug":"le-grand-plongeon","status":"publish","type":"page","link":"https:\/\/marcbuleon.com\/conte\/?page_id=812","title":{"rendered":"Le Grand Plongeon"},"content":{"rendered":"\n<p>Racont\u00e9 par Marc Bul\u00e9on et illustr\u00e9 en direct par Odile Kayser (dessins projet\u00e9s sur \u00e9cran)<\/p>\n\n\n\n<blockquote class=\"wp-block-quote\"><p><em><span class=\"has-inline-color has-vivid-cyan-blue-color\">\u00ab&nbsp;le Grand Plongeon est un road movie haletant pour les petits, po\u00e9tique et dr\u00f4le pour les plus grands\u2026&nbsp;\u00bb<\/span><\/em><\/p><\/blockquote>\n\n\n\n<div class=\"wp-container-1 wp-block-group\"><div class=\"wp-block-group__inner-container\">\n<h4>L&rsquo;histoire : Le Grand Plongeon&nbsp;\u00bb raconte comment une baleine et son petit ont d\u00fb fuir tour \u00e0 tour la prairie, la for\u00eat et le marais pour \u00e9chapper \u00e0 la menace des corbeaux. L\u2019oc\u00e9an pourrait bien \u00eatre leur ultime refuge mais pour gagner l\u2019oc\u00e9an, il faut plonger (et renoncer \u00e0 sa vie pass\u00e9e&nbsp;?).<\/h4>\n<\/div><\/div>\n\n\n\n<figure class=\"wp-block-embed-youtube wp-block-embed is-type-video is-provider-youtube wp-embed-aspect-16-9 wp-has-aspect-ratio\"><div class=\"wp-block-embed__wrapper\">\n<span class=\"embed-youtube\" style=\"text-align:center; display: block;\"><iframe class='youtube-player' type='text\/html' width='665' height='375' src='https:\/\/www.youtube.com\/embed\/mlbu40MC950?version=3&#038;rel=1&#038;fs=1&#038;autohide=2&#038;showsearch=0&#038;showinfo=1&#038;iv_load_policy=1&#038;wmode=transparent' allowfullscreen='true' style='border:0;'><\/iframe><\/span>\n<\/div><\/figure>\n","protected":false},"excerpt":{"rendered":"<p>Racont\u00e9 par Marc Bul\u00e9on et illustr\u00e9 en direct par Odile Kayser (dessins projet\u00e9s sur \u00e9cran) \u00ab&nbsp;le Grand Plongeon est un road movie haletant pour les petits, po\u00e9tique et dr\u00f4le pour les plus grands\u2026&nbsp;\u00bb L&rsquo;histoire : Le Grand Plongeon&nbsp;\u00bb raconte comment une baleine et son petit ont d\u00fb fuir tour \u00e0 tour la prairie, la for\u00eat [&hellip;]<\/p>\n","protected":false},"author":1,"featured_media":0,"parent":0,"menu_order":0,"comment_status":"closed","ping_status":"closed","template":"","meta":{"spay_email":""},"jetpack_sharing_enabled":true,"jetpack_likes_enabled":true,"_links":{"self":[{"href":"https:\/\/marcbuleon.com\/conte\/index.php?rest_route=\/wp\/v2\/pages\/812"}],"collection":[{"href":"https:\/\/marcbuleon.com\/conte\/index.php?rest_route=\/wp\/v2\/pages"}],"about":[{"href":"https:\/\/marcbuleon.com\/conte\/index.php?rest_route=\/wp\/v2\/types\/page"}],"author":[{"embeddable":true,"href":"https:\/\/marcbuleon.com\/conte\/index.php?rest_route=\/wp\/v2\/users\/1"}],"replies":[{"embeddable":true,"href":"https:\/\/marcbuleon.com\/conte\/index.php?rest_route=%2Fwp%2Fv2%2Fcomments&post=812"}],"version-history":[{"count":4,"href":"https:\/\/marcbuleon.com\/conte\/index.php?rest_route=\/wp\/v2\/pages\/812\/revisions"}],"predecessor-version":[{"id":860,"href":"https:\/\/marcbuleon.com\/conte\/index.php?rest_route=\/wp\/v2\/pages\/812\/revisions\/860"}],"wp:attachment":[{"href":"https:\/\/marcbuleon.com\/conte\/index.php?rest_route=%2Fwp%2Fv2%2Fmedia&parent=812"}],"curies":[{"name":"wp","href":"https:\/\/api.w.org\/{rel}","templated":true}]}}