{"id":681,"date":"2019-09-03T14:25:26","date_gmt":"2019-09-03T14:25:26","guid":{"rendered":"http:\/\/marcbuleon.com\/conte\/?page_id=681"},"modified":"2023-05-09T09:33:20","modified_gmt":"2023-05-09T09:33:20","slug":"42195-2","status":"publish","type":"page","link":"https:\/\/marcbuleon.com\/conte\/?page_id=681","title":{"rendered":"42.195, le marathon d&rsquo;une vie"},"content":{"rendered":"<blockquote>\n<h4><em><span style=\"color: #0000ff;\">\u00ab\u00a0On vogue de Jean Echenoz \u00e0 Hom\u00e8re, de moments l\u00e9gers aux sc\u00e8nes intenses, des sourires aux discr\u00e8tes larmes&#8230;\u00a0\u00bb<\/span><\/em>&nbsp; Fanny Guyomard, Les Echos Week-End<\/h4>\n<\/blockquote>\n<h3><\/h3>\n<h2>L&rsquo;histoire :<\/h2>\n<h3 style=\"text-align: left;\">42.195, c\u2019est la longueur pr\u00e9cise, en m\u00e8tres, d\u2019un marathon.<\/h3>\n<h3 style=\"text-align: left;\">A vingt ans Z\u00e9phyrin Legros r\u00eave de devenir champion de la discipline.<\/h3>\n<h3 style=\"text-align: left;\">Sur les chemins escarp\u00e9s de l&rsquo;entra\u00eenement intensif, plusieurs fois il se fourvoie. Un jour il va trop loin et sa vie bascule.<\/h3>\n<h3 style=\"text-align: left;\">4 m\u00e8tres, c\u2019est la distance que devra tenter de franchir ce m\u00eame Z\u00e9phyrin Legros \u00e0 l\u2019\u00e2ge de quatre-vingts ans, la distance qui s\u00e9pare le fauteuil sur lequel il est assis de la porte des toilettes de sa chambre \u00e0 la maison de retraite\u2026<\/h3>\n<h3 style=\"text-align: left;\">42.195 est un spectacle qui parle de la trace qu\u2019on laisse derri\u00e8re soi.<\/h3>\n<p><span style=\"color: #0000ff;\"><em>Avec les regards complices de Alberto Garcia Sanchez, Louise Bul\u00e9on-Kayser et Philippe Sizaire.<\/em><\/span><\/p>\n<p><span class=\"embed-youtube\" style=\"text-align:center; display: block;\"><iframe class='youtube-player' type='text\/html' width='665' height='375' src='https:\/\/www.youtube.com\/embed\/AJD73C8D96E?version=3&#038;rel=1&#038;fs=1&#038;autohide=2&#038;showsearch=0&#038;showinfo=1&#038;iv_load_policy=1&#038;wmode=transparent' allowfullscreen='true' style='border:0;'><\/iframe><\/span><\/p>\n<p class=\"western\">\n<p><a href=\"https:\/\/i2.wp.com\/marcbuleon.com\/conte\/wp-content\/uploads\/2014\/07\/Production-42.1951.jpeg\"><img data-attachment-id=\"705\" data-permalink=\"https:\/\/marcbuleon.com\/conte\/?attachment_id=705\" data-orig-file=\"https:\/\/i2.wp.com\/marcbuleon.com\/conte\/wp-content\/uploads\/2014\/07\/Production-42.1951.jpeg?fit=786%2C1086&amp;ssl=1\" data-orig-size=\"786,1086\" data-comments-opened=\"0\" data-image-meta=\"{&quot;aperture&quot;:&quot;0&quot;,&quot;credit&quot;:&quot;&quot;,&quot;camera&quot;:&quot;&quot;,&quot;caption&quot;:&quot;&quot;,&quot;created_timestamp&quot;:&quot;0&quot;,&quot;copyright&quot;:&quot;&quot;,&quot;focal_length&quot;:&quot;0&quot;,&quot;iso&quot;:&quot;0&quot;,&quot;shutter_speed&quot;:&quot;0&quot;,&quot;title&quot;:&quot;&quot;,&quot;orientation&quot;:&quot;0&quot;}\" data-image-title=\"Production-42.195(1)\" data-image-description=\"\" data-medium-file=\"https:\/\/i2.wp.com\/marcbuleon.com\/conte\/wp-content\/uploads\/2014\/07\/Production-42.1951.jpeg?fit=217%2C300&amp;ssl=1\" data-large-file=\"https:\/\/i2.wp.com\/marcbuleon.com\/conte\/wp-content\/uploads\/2014\/07\/Production-42.1951.jpeg?fit=665%2C919&amp;ssl=1\" loading=\"lazy\" class=\"alignright size-medium wp-image-705\" src=\"https:\/\/i2.wp.com\/marcbuleon.com\/conte\/wp-content\/uploads\/2014\/07\/Production-42.1951.jpeg?resize=217%2C300\" alt=\"\" width=\"217\" height=\"300\" srcset=\"https:\/\/i2.wp.com\/marcbuleon.com\/conte\/wp-content\/uploads\/2014\/07\/Production-42.1951.jpeg?resize=217%2C300&amp;ssl=1 217w, https:\/\/i2.wp.com\/marcbuleon.com\/conte\/wp-content\/uploads\/2014\/07\/Production-42.1951.jpeg?resize=741%2C1024&amp;ssl=1 741w, https:\/\/i2.wp.com\/marcbuleon.com\/conte\/wp-content\/uploads\/2014\/07\/Production-42.1951.jpeg?w=786&amp;ssl=1 786w\" sizes=\"(max-width: 217px) 100vw, 217px\" data-recalc-dims=\"1\" \/><\/a><\/p>\n<p class=\"western\"><span style=\"font-family: Nyala; color: #0000ff;\"><span style=\"font-size: large;\">Pour plus d\u2019informations : marcbuleon@hotmail.com \u2013 06 61 89 92 94&nbsp;<\/span><\/span><\/p>\n","protected":false},"excerpt":{"rendered":"<p>\u00ab\u00a0On vogue de Jean Echenoz \u00e0 Hom\u00e8re, de moments l\u00e9gers aux sc\u00e8nes intenses, des sourires aux discr\u00e8tes larmes&#8230;\u00a0\u00bb&nbsp; Fanny Guyomard, Les Echos Week-End L&rsquo;histoire : 42.195, c\u2019est la longueur pr\u00e9cise, en m\u00e8tres, d\u2019un marathon. A vingt ans Z\u00e9phyrin Legros r\u00eave de devenir champion de la discipline. Sur les chemins escarp\u00e9s de l&rsquo;entra\u00eenement intensif, plusieurs fois [&hellip;]<\/p>\n","protected":false},"author":1,"featured_media":0,"parent":259,"menu_order":0,"comment_status":"closed","ping_status":"closed","template":"","meta":{"spay_email":""},"jetpack_sharing_enabled":true,"jetpack_likes_enabled":true,"_links":{"self":[{"href":"https:\/\/marcbuleon.com\/conte\/index.php?rest_route=\/wp\/v2\/pages\/681"}],"collection":[{"href":"https:\/\/marcbuleon.com\/conte\/index.php?rest_route=\/wp\/v2\/pages"}],"about":[{"href":"https:\/\/marcbuleon.com\/conte\/index.php?rest_route=\/wp\/v2\/types\/page"}],"author":[{"embeddable":true,"href":"https:\/\/marcbuleon.com\/conte\/index.php?rest_route=\/wp\/v2\/users\/1"}],"replies":[{"embeddable":true,"href":"https:\/\/marcbuleon.com\/conte\/index.php?rest_route=%2Fwp%2Fv2%2Fcomments&post=681"}],"version-history":[{"count":19,"href":"https:\/\/marcbuleon.com\/conte\/index.php?rest_route=\/wp\/v2\/pages\/681\/revisions"}],"predecessor-version":[{"id":944,"href":"https:\/\/marcbuleon.com\/conte\/index.php?rest_route=\/wp\/v2\/pages\/681\/revisions\/944"}],"up":[{"embeddable":true,"href":"https:\/\/marcbuleon.com\/conte\/index.php?rest_route=\/wp\/v2\/pages\/259"}],"wp:attachment":[{"href":"https:\/\/marcbuleon.com\/conte\/index.php?rest_route=%2Fwp%2Fv2%2Fmedia&parent=681"}],"curies":[{"name":"wp","href":"https:\/\/api.w.org\/{rel}","templated":true}]}}