{"id":476,"date":"2015-11-24T10:33:20","date_gmt":"2015-11-24T10:33:20","guid":{"rendered":"http:\/\/marcbuleon.com\/conte\/?page_id=476"},"modified":"2023-02-01T17:31:28","modified_gmt":"2023-02-01T17:31:28","slug":"chaka-recit-epique","status":"publish","type":"page","link":"https:\/\/marcbuleon.com\/conte\/?page_id=476","title":{"rendered":"CHAKA, r\u00e9cit \u00e9pique (Ce spectacle n&rsquo;est plus disponible)"},"content":{"rendered":"\n<p><mark style=\"background-color:rgba(0, 0, 0, 0)\" class=\"has-inline-color has-vivid-cyan-blue-color\">\u00ab V<em>oix d\u2019homme et percussions, Chaka raconte une histoire forte et barbare o\u00f9 l\u2019\u00e9motion et l\u2019humanit\u00e9 affleurent avec la beaut\u00e9<\/em> \u00bb<\/mark>                      Ouest-France<\/p>\n\n\n\n<h4><mark style=\"background-color:rgba(0, 0, 0, 0)\" class=\"has-inline-color has-vivid-cyan-blue-color\">\u00ab\u00a0<em>Il faut dire que Marc Bul\u00e9on a une fa\u00e7on bien \u00e0 lui de raconter, une fa\u00e7on simple et tranquille. La qualit\u00e9 ne se force pas et la force apprivois\u00e9e est d&rsquo;autant plus puissante qu&rsquo;elle ne fait pas de bruit<\/em>.\u00a0\u00bb <\/mark>Franck Berthoux, ProSpectu, Rencontres de la Parole<\/h4>\n\n\n\n<p><strong>L&rsquo;histoire :<\/strong><\/p>\n\n\n\n<p>\u00ab&nbsp;Chaka&nbsp;\u00bb est une \u00e9pop\u00e9e inspir\u00e9e de la vie r\u00e9elle de Chaka Zoulou qui fonda un v\u00e9ritable empire en Afrique australe au d\u00e9but du 19<sup>\u00e8me<\/sup> si\u00e8cle.<\/p>\n\n\n\n<p>\u00ab&nbsp;Chaka&nbsp;\u00bb, c\u2019est l\u2019histoire d\u2019un enfant maltrait\u00e9 qui deviendra dictateur.&nbsp;C\u2019est l\u2019histoire d\u2019un pacte terrible.<\/p>\n\n\n\n<p>C\u2019est l\u2019histoire d\u2019une violence sans faille, tout juste adoucie par les regards de deux femmes admirables, afin que du chaos n\u00e9 de l\u2019injustice \u00e9merge malgr\u00e9 tout un peu d\u2019humanit\u00e9.<\/p>\n\n\n\n<p><mark style=\"background-color:rgba(0, 0, 0, 0)\" class=\"has-inline-color has-vivid-cyan-blue-color\"><em>Pour plus d\u2019informations : marcbuleon@hotmail.com \u2013 00 33 6 61 89 92 94\u00a0<\/em><\/mark><\/p>\n\n\n<!--[if lt IE 9]><script>document.createElement('audio');<\/script><![endif]-->\n<audio class=\"wp-audio-shortcode\" id=\"audio-476-1\" preload=\"none\" style=\"width: 100%;\" controls=\"controls\"><source type=\"audio\/mpeg\" src=\"http:\/\/marcbuleon.com\/conte\/wp-content\/uploads\/2015\/11\/Chaka-solo-extrait-1-.mp3?_=1\" \/><a href=\"http:\/\/marcbuleon.com\/conte\/wp-content\/uploads\/2015\/11\/Chaka-solo-extrait-1-.mp3\">http:\/\/marcbuleon.com\/conte\/wp-content\/uploads\/2015\/11\/Chaka-solo-extrait-1-.mp3<\/a><\/audio>\n<h3 class=\"western\" align=\"RIGHT\">&nbsp;<\/h3>\n<p class=\"western\">\n<\/p><p class=\"western\"><\/p>","protected":false},"excerpt":{"rendered":"<p>\u00ab Voix d\u2019homme et percussions, Chaka raconte une histoire forte et barbare o\u00f9 l\u2019\u00e9motion et l\u2019humanit\u00e9 affleurent avec la beaut\u00e9 \u00bb Ouest-France \u00ab\u00a0Il faut dire que Marc Bul\u00e9on a une fa\u00e7on bien \u00e0 lui de raconter, une fa\u00e7on simple et tranquille. La qualit\u00e9 ne se force pas et la force apprivois\u00e9e est d&rsquo;autant plus puissante [&hellip;]<\/p>\n","protected":false},"author":1,"featured_media":0,"parent":0,"menu_order":0,"comment_status":"closed","ping_status":"closed","template":"","meta":{"spay_email":""},"jetpack_sharing_enabled":true,"jetpack_likes_enabled":true,"_links":{"self":[{"href":"https:\/\/marcbuleon.com\/conte\/index.php?rest_route=\/wp\/v2\/pages\/476"}],"collection":[{"href":"https:\/\/marcbuleon.com\/conte\/index.php?rest_route=\/wp\/v2\/pages"}],"about":[{"href":"https:\/\/marcbuleon.com\/conte\/index.php?rest_route=\/wp\/v2\/types\/page"}],"author":[{"embeddable":true,"href":"https:\/\/marcbuleon.com\/conte\/index.php?rest_route=\/wp\/v2\/users\/1"}],"replies":[{"embeddable":true,"href":"https:\/\/marcbuleon.com\/conte\/index.php?rest_route=%2Fwp%2Fv2%2Fcomments&post=476"}],"version-history":[{"count":18,"href":"https:\/\/marcbuleon.com\/conte\/index.php?rest_route=\/wp\/v2\/pages\/476\/revisions"}],"predecessor-version":[{"id":936,"href":"https:\/\/marcbuleon.com\/conte\/index.php?rest_route=\/wp\/v2\/pages\/476\/revisions\/936"}],"wp:attachment":[{"href":"https:\/\/marcbuleon.com\/conte\/index.php?rest_route=%2Fwp%2Fv2%2Fmedia&parent=476"}],"curies":[{"name":"wp","href":"https:\/\/api.w.org\/{rel}","templated":true}]}}