{"id":451,"date":"2015-09-28T09:25:06","date_gmt":"2015-09-28T09:25:06","guid":{"rendered":"http:\/\/marcbuleon.com\/conte\/?page_id=451"},"modified":"2023-02-01T17:26:19","modified_gmt":"2023-02-01T17:26:19","slug":"orphee-creation-pour-une-voix-des-saxophones-et-percussions","status":"publish","type":"page","link":"https:\/\/marcbuleon.com\/conte\/?page_id=451","title":{"rendered":"Orph\u00e9e &#8211; conte &#038; jazz (Ce spectacle n&rsquo;est plus disponible)"},"content":{"rendered":"<p class=\"western\"><span style=\"font-family: Candara,sans-serif;\"><span style=\"font-size: medium;\">Nous sommes trois, <\/span><\/span><span style=\"font-family: Candara,sans-serif;\"><span style=\"font-size: medium;\"><b>Julien B\u00e9har <\/b><\/span><\/span><span style=\"font-family: Candara,sans-serif;\"><span style=\"font-size: medium;\">(saxophones), <\/span><\/span><span style=\"font-family: Candara,sans-serif;\"><span style=\"font-size: medium;\"><b>Christophe Cha\u00efr<\/b><\/span><\/span><span style=\"font-family: Candara,sans-serif;\"><span style=\"font-size: medium;\"> (percussions) <\/span><\/span><span style=\"font-family: Candara,sans-serif;\"><span style=\"font-size: medium;\">et <\/span><\/span><span style=\"font-family: Candara,sans-serif;\"><span style=\"font-size: medium;\"><b>Marc Bul\u00e9on<\/b><\/span><\/span><span style=\"font-family: Candara,sans-serif;\"><span style=\"font-size: medium;\"> (conte) pour vous accompagner au plus profond des Enfers o\u00f9 s\u00e9journent <\/span><\/span><em><span style=\"font-family: Candara,sans-serif;\">Sisyphe<\/span><\/em><span style=\"font-family: Candara,sans-serif;\">, Tantale, Had\u00e8s, Cerb\u00e8re et bien s\u00fbr Eurydice et Orph\u00e9e&#8230;<\/span><\/p>\n<p><a href=\"https:\/\/www.dailymotion.com\/video\/x4g453r\">https:\/\/www.dailymotion.com\/video\/x4g453r<\/a><\/p>\n<p class=\"western\"><a href=\"https:\/\/encressonores.blogspot.com\">https:\/\/zcommemusic.blogspot.com<\/a><\/p>\n<p class=\"western\" align=\"JUSTIFY\"><a href=\"https:\/\/i2.wp.com\/marcbuleon.com\/conte\/wp-content\/uploads\/2015\/09\/orphee-credit-Mr-Ferrow.jpg\"><img data-attachment-id=\"630\" data-permalink=\"https:\/\/marcbuleon.com\/conte\/?attachment_id=630\" data-orig-file=\"https:\/\/i2.wp.com\/marcbuleon.com\/conte\/wp-content\/uploads\/2015\/09\/orphee-credit-Mr-Ferrow.jpg?fit=5472%2C3648&amp;ssl=1\" data-orig-size=\"5472,3648\" data-comments-opened=\"0\" data-image-meta=\"{&quot;aperture&quot;:&quot;7.1&quot;,&quot;credit&quot;:&quot;&quot;,&quot;camera&quot;:&quot;Canon EOS 6D&quot;,&quot;caption&quot;:&quot;&quot;,&quot;created_timestamp&quot;:&quot;946685156&quot;,&quot;copyright&quot;:&quot;&quot;,&quot;focal_length&quot;:&quot;35&quot;,&quot;iso&quot;:&quot;800&quot;,&quot;shutter_speed&quot;:&quot;0.0055555555555556&quot;,&quot;title&quot;:&quot;&quot;,&quot;orientation&quot;:&quot;1&quot;}\" data-image-title=\"orphee &#8211; credit Mr Ferrow\" data-image-description=\"\" data-medium-file=\"https:\/\/i2.wp.com\/marcbuleon.com\/conte\/wp-content\/uploads\/2015\/09\/orphee-credit-Mr-Ferrow.jpg?fit=300%2C200&amp;ssl=1\" data-large-file=\"https:\/\/i2.wp.com\/marcbuleon.com\/conte\/wp-content\/uploads\/2015\/09\/orphee-credit-Mr-Ferrow.jpg?fit=665%2C444&amp;ssl=1\" loading=\"lazy\" class=\" size-medium wp-image-630 aligncenter\" src=\"https:\/\/i2.wp.com\/marcbuleon.com\/conte\/wp-content\/uploads\/2015\/09\/orphee-credit-Mr-Ferrow.jpg?resize=300%2C200\" alt=\"orphee - credit Mr Ferrow\" width=\"300\" height=\"200\" srcset=\"https:\/\/i2.wp.com\/marcbuleon.com\/conte\/wp-content\/uploads\/2015\/09\/orphee-credit-Mr-Ferrow.jpg?resize=300%2C200&amp;ssl=1 300w, https:\/\/i2.wp.com\/marcbuleon.com\/conte\/wp-content\/uploads\/2015\/09\/orphee-credit-Mr-Ferrow.jpg?resize=1024%2C683&amp;ssl=1 1024w, https:\/\/i2.wp.com\/marcbuleon.com\/conte\/wp-content\/uploads\/2015\/09\/orphee-credit-Mr-Ferrow.jpg?w=1330 1330w, https:\/\/i2.wp.com\/marcbuleon.com\/conte\/wp-content\/uploads\/2015\/09\/orphee-credit-Mr-Ferrow.jpg?w=1995 1995w\" sizes=\"(max-width: 300px) 100vw, 300px\" data-recalc-dims=\"1\" \/><\/a><\/p>\n\n\n<p><mark style=\"background-color:rgba(0, 0, 0, 0)\" class=\"has-inline-color has-vivid-cyan-blue-color\">Pour plus d\u2019informations : marcbuleon@hotmail.com \u2013 00 33 6 61 89 92 94<\/mark>\u00a0<\/p>\n","protected":false},"excerpt":{"rendered":"<p>Nous sommes trois, Julien B\u00e9har (saxophones), Christophe Cha\u00efr (percussions) et Marc Bul\u00e9on (conte) pour vous accompagner au plus profond des Enfers o\u00f9 s\u00e9journent Sisyphe, Tantale, Had\u00e8s, Cerb\u00e8re et bien s\u00fbr Eurydice et Orph\u00e9e&#8230; https:\/\/www.dailymotion.com\/video\/x4g453r https:\/\/zcommemusic.blogspot.com Pour plus d\u2019informations : marcbuleon@hotmail.com \u2013 00 33 6 61 89 92 94\u00a0<\/p>\n","protected":false},"author":1,"featured_media":0,"parent":24,"menu_order":0,"comment_status":"closed","ping_status":"closed","template":"","meta":{"spay_email":""},"jetpack_sharing_enabled":true,"jetpack_likes_enabled":true,"_links":{"self":[{"href":"https:\/\/marcbuleon.com\/conte\/index.php?rest_route=\/wp\/v2\/pages\/451"}],"collection":[{"href":"https:\/\/marcbuleon.com\/conte\/index.php?rest_route=\/wp\/v2\/pages"}],"about":[{"href":"https:\/\/marcbuleon.com\/conte\/index.php?rest_route=\/wp\/v2\/types\/page"}],"author":[{"embeddable":true,"href":"https:\/\/marcbuleon.com\/conte\/index.php?rest_route=\/wp\/v2\/users\/1"}],"replies":[{"embeddable":true,"href":"https:\/\/marcbuleon.com\/conte\/index.php?rest_route=%2Fwp%2Fv2%2Fcomments&post=451"}],"version-history":[{"count":15,"href":"https:\/\/marcbuleon.com\/conte\/index.php?rest_route=\/wp\/v2\/pages\/451\/revisions"}],"predecessor-version":[{"id":933,"href":"https:\/\/marcbuleon.com\/conte\/index.php?rest_route=\/wp\/v2\/pages\/451\/revisions\/933"}],"up":[{"embeddable":true,"href":"https:\/\/marcbuleon.com\/conte\/index.php?rest_route=\/wp\/v2\/pages\/24"}],"wp:attachment":[{"href":"https:\/\/marcbuleon.com\/conte\/index.php?rest_route=%2Fwp%2Fv2%2Fmedia&parent=451"}],"curies":[{"name":"wp","href":"https:\/\/api.w.org\/{rel}","templated":true}]}}