{"id":268,"date":"2014-08-29T13:14:01","date_gmt":"2014-08-29T13:14:01","guid":{"rendered":"http:\/\/marcbuleon.com\/conte\/?page_id=268"},"modified":"2020-08-11T14:40:04","modified_gmt":"2020-08-11T14:40:04","slug":"public-familial","status":"publish","type":"page","link":"https:\/\/marcbuleon.com\/conte\/?page_id=268","title":{"rendered":"Public familial"},"content":{"rendered":"<h2 style=\"text-align: center;\"><\/h2>\n<h1 class=\"title\"><a style=\"color: #b70100;\" title=\"Contes de ruses, d\u2019\u00e9nigmes et de poursuites\" href=\"http:\/\/marcbuleon.com\/conte\/?page_id=166\" rel=\"bookmark\">Contes de ruses, d\u2019\u00e9nigmes et de poursuites<\/a><\/h1>\n<div class=\"entry\">\n<div>\n<p>\u2013 \u00e0 partir de 6 ans<\/p>\n<p>\u00ab\u00a0Si, pour l\u2019essentiel, ces contes viennent des \u201c<i>Mille et une Nuits<\/i>\u201d, il m\u2019arrive parfois d\u2019avoir l\u2019\u00e2me voyageuse, d\u2019enjamber des montagnes, de traverser des oc\u00e9ans, d\u2019explorer des continents, d\u2019aller et venir, sans trop de respect pour ce que l\u2019on nomme fronti\u00e8re.<\/p>\n<\/div>\n<div class=\"entry\">\n<div>\n<\/div>\n<\/div>\n<\/div>\n<h1 class=\"title\"><a style=\"color: #b70100;\" title=\"Le p\u2019tit bossu\" href=\"http:\/\/marcbuleon.com\/conte\/?page_id=164\" rel=\"bookmark\">Tribulations d&rsquo;un bossu<\/a><\/h1>\n<div class=\"entry\">\n<div>\n<p><b>&#8211;\u00a0<\/b>(cr\u00e9ation en mai 2014) \u2013 \u00e0 partir de 8 ans<\/p>\n<p>On a souvent entendu ces derni\u00e8res ann\u00e9es Marc Bul\u00e9on dans des r\u00e9cits imaginaires de vraies vies qui m\u00ealaient tendresse et \u00e9motion. Il revient cette fois avec l\u2019envie de nous faire rire.<\/p>\n<p>Il pr\u00e9tend qu\u2019il s\u2019agit des tribulations d\u2019un petit bossu. Il dit que ce sont des histoires pour rire de nous, les humains. Il n\u2019en dit pas beaucoup plus mais on devine \u00e0 son sourire que le r\u00e9cit ne s\u2019arr\u00eate pas l\u00e0\u00a0!<\/p>\n<h1 class=\"title\"><\/h1>\n<div class=\"entry\">\n<div><\/div>\n<\/div>\n<div class=\"entry\">\n<div><\/div>\n<\/div>\n<div class=\"entry\">\n<div><\/div>\n<\/div>\n<\/div>\n<\/div>\n","protected":false},"excerpt":{"rendered":"<p>Contes de ruses, d\u2019\u00e9nigmes et de poursuites \u2013 \u00e0 partir de 6 ans \u00ab\u00a0Si, pour l\u2019essentiel, ces contes viennent des \u201cMille et une Nuits\u201d, il m\u2019arrive parfois d\u2019avoir l\u2019\u00e2me voyageuse, d\u2019enjamber des montagnes, de traverser des oc\u00e9ans, d\u2019explorer des continents, d\u2019aller et venir, sans trop de respect pour ce que l\u2019on nomme fronti\u00e8re. Tribulations d&rsquo;un [&hellip;]<\/p>\n","protected":false},"author":2,"featured_media":0,"parent":0,"menu_order":0,"comment_status":"closed","ping_status":"closed","template":"","meta":{"spay_email":""},"jetpack_sharing_enabled":true,"jetpack_likes_enabled":true,"_links":{"self":[{"href":"https:\/\/marcbuleon.com\/conte\/index.php?rest_route=\/wp\/v2\/pages\/268"}],"collection":[{"href":"https:\/\/marcbuleon.com\/conte\/index.php?rest_route=\/wp\/v2\/pages"}],"about":[{"href":"https:\/\/marcbuleon.com\/conte\/index.php?rest_route=\/wp\/v2\/types\/page"}],"author":[{"embeddable":true,"href":"https:\/\/marcbuleon.com\/conte\/index.php?rest_route=\/wp\/v2\/users\/2"}],"replies":[{"embeddable":true,"href":"https:\/\/marcbuleon.com\/conte\/index.php?rest_route=%2Fwp%2Fv2%2Fcomments&post=268"}],"version-history":[{"count":10,"href":"https:\/\/marcbuleon.com\/conte\/index.php?rest_route=\/wp\/v2\/pages\/268\/revisions"}],"predecessor-version":[{"id":792,"href":"https:\/\/marcbuleon.com\/conte\/index.php?rest_route=\/wp\/v2\/pages\/268\/revisions\/792"}],"wp:attachment":[{"href":"https:\/\/marcbuleon.com\/conte\/index.php?rest_route=%2Fwp%2Fv2%2Fmedia&parent=268"}],"curies":[{"name":"wp","href":"https:\/\/api.w.org\/{rel}","templated":true}]}}