{"id":243,"date":"2014-08-29T10:53:42","date_gmt":"2014-08-29T10:53:42","guid":{"rendered":"http:\/\/marcbuleon.com\/conte\/?page_id=243"},"modified":"2014-08-29T13:53:22","modified_gmt":"2014-08-29T13:53:22","slug":"stage-experimentation-transmission","status":"publish","type":"page","link":"https:\/\/marcbuleon.com\/conte\/?page_id=243","title":{"rendered":"Exp\u00e9rimentation &#8211; Transmission"},"content":{"rendered":"<p>&nbsp;<\/p>\n<p>Une histoire n\u2019est pas un objet anodin; nous choisissons de raconter tel conte et pas tel autre parce que le premier est entr\u00e9 en r\u00e9sonnance avec ce que nous sommes, avec ce que nous avons v\u00e9cu, tandis que nous trouvons le second juste joli ! Le conte choisi fait affleurer nos anciennes exp\u00e9riences aux rivages de notre conscience. Il ne s\u2019agit pas d\u2019aller chercher les joies ou les douleurs enfouies en nous mais de mettre en connection ce que dit le conte et les \u201ctraces\u201d imprim\u00e9 au plus profond de nous par la vie, afin que l\u2019acte de raconter ne soit pas un acte de \u201cm\u00e9morisation-r\u00e9citation\u201d mais plut\u00f4t un acte \u201cd\u2019exp\u00e9rimentation-transmission\u201d. Plus simplement il s\u2019agit, au moment o\u00f9 le conte est dit, de s\u2019appuyer sur un savoir int\u00e9rieur plut\u00f4t que sur une forme aboutie de r\u00e9citation. Ce stage s\u2019adresse \u00e0 toute personne qui souhaite d\u00e9couvrir le conte et prendre la parole&#8230;\u00e0 son compte.<\/p>\n<p style=\"text-align: right;\">Dur\u00e9e : de 2 \u00e0 5 jours<\/p>\n","protected":false},"excerpt":{"rendered":"<p>&nbsp; Une histoire n\u2019est pas un objet anodin; nous choisissons de raconter tel conte et pas tel autre parce que le premier est entr\u00e9 en r\u00e9sonnance avec ce que nous sommes, avec ce que nous avons v\u00e9cu, tandis que nous trouvons le second juste joli ! Le conte choisi fait affleurer nos anciennes exp\u00e9riences aux [&hellip;]<\/p>\n","protected":false},"author":1,"featured_media":0,"parent":31,"menu_order":1,"comment_status":"closed","ping_status":"closed","template":"","meta":{"spay_email":""},"jetpack_sharing_enabled":true,"jetpack_likes_enabled":true,"_links":{"self":[{"href":"https:\/\/marcbuleon.com\/conte\/index.php?rest_route=\/wp\/v2\/pages\/243"}],"collection":[{"href":"https:\/\/marcbuleon.com\/conte\/index.php?rest_route=\/wp\/v2\/pages"}],"about":[{"href":"https:\/\/marcbuleon.com\/conte\/index.php?rest_route=\/wp\/v2\/types\/page"}],"author":[{"embeddable":true,"href":"https:\/\/marcbuleon.com\/conte\/index.php?rest_route=\/wp\/v2\/users\/1"}],"replies":[{"embeddable":true,"href":"https:\/\/marcbuleon.com\/conte\/index.php?rest_route=%2Fwp%2Fv2%2Fcomments&post=243"}],"version-history":[{"count":3,"href":"https:\/\/marcbuleon.com\/conte\/index.php?rest_route=\/wp\/v2\/pages\/243\/revisions"}],"predecessor-version":[{"id":298,"href":"https:\/\/marcbuleon.com\/conte\/index.php?rest_route=\/wp\/v2\/pages\/243\/revisions\/298"}],"up":[{"embeddable":true,"href":"https:\/\/marcbuleon.com\/conte\/index.php?rest_route=\/wp\/v2\/pages\/31"}],"wp:attachment":[{"href":"https:\/\/marcbuleon.com\/conte\/index.php?rest_route=%2Fwp%2Fv2%2Fmedia&parent=243"}],"curies":[{"name":"wp","href":"https:\/\/api.w.org\/{rel}","templated":true}]}}