{"id":184,"date":"2014-07-30T15:23:27","date_gmt":"2014-07-30T15:23:27","guid":{"rendered":"http:\/\/marcbuleon.com\/conte\/?page_id=184"},"modified":"2023-11-23T17:40:48","modified_gmt":"2023-11-23T17:40:48","slug":"livre","status":"publish","type":"page","link":"https:\/\/marcbuleon.com\/conte\/?page_id=184","title":{"rendered":"R\u00e9cit"},"content":{"rendered":"\n<h2>\u00ab\u00a0<mark style=\"background-color:rgba(0, 0, 0, 0)\" class=\"has-inline-color has-vivid-red-color\">42.195<\/mark>, le marathon d&rsquo;une vie\u00a0\u00bb<\/h2>\n\n\n\n<p><em>(illustr\u00e9 par Odile Kayser)<\/em><\/p>\n\n\n\n<p>42.195, c\u2019est la longueur pr\u00e9cise, en m\u00e8tres, d\u2019un marathon.<\/p>\n\n\n\n<div class=\"wp-container-1 wp-block-group\"><div class=\"wp-block-group__inner-container\">\n<div class=\"wp-block-image\"><figure class=\"aligncenter size-large is-resized\"><img data-attachment-id=\"846\" data-permalink=\"https:\/\/marcbuleon.com\/conte\/?attachment_id=846\" data-orig-file=\"https:\/\/i0.wp.com\/marcbuleon.com\/conte\/wp-content\/uploads\/2020\/08\/Couverture.jpg?fit=1488%2C1984&amp;ssl=1\" data-orig-size=\"1488,1984\" data-comments-opened=\"0\" data-image-meta=\"{&quot;aperture&quot;:&quot;0&quot;,&quot;credit&quot;:&quot;&quot;,&quot;camera&quot;:&quot;&quot;,&quot;caption&quot;:&quot;&quot;,&quot;created_timestamp&quot;:&quot;0&quot;,&quot;copyright&quot;:&quot;&quot;,&quot;focal_length&quot;:&quot;0&quot;,&quot;iso&quot;:&quot;0&quot;,&quot;shutter_speed&quot;:&quot;0&quot;,&quot;title&quot;:&quot;&quot;,&quot;orientation&quot;:&quot;0&quot;}\" data-image-title=\"Couverture\" data-image-description=\"\" data-medium-file=\"https:\/\/i0.wp.com\/marcbuleon.com\/conte\/wp-content\/uploads\/2020\/08\/Couverture.jpg?fit=225%2C300&amp;ssl=1\" data-large-file=\"https:\/\/i0.wp.com\/marcbuleon.com\/conte\/wp-content\/uploads\/2020\/08\/Couverture.jpg?fit=665%2C887&amp;ssl=1\" loading=\"lazy\" src=\"https:\/\/i0.wp.com\/marcbuleon.com\/conte\/wp-content\/uploads\/2020\/08\/Couverture.jpg?resize=204%2C272\" alt=\"\" class=\"wp-image-846\" width=\"204\" height=\"272\" srcset=\"https:\/\/i0.wp.com\/marcbuleon.com\/conte\/wp-content\/uploads\/2020\/08\/Couverture.jpg?resize=768%2C1024&amp;ssl=1 768w, https:\/\/i0.wp.com\/marcbuleon.com\/conte\/wp-content\/uploads\/2020\/08\/Couverture.jpg?resize=225%2C300&amp;ssl=1 225w, https:\/\/i0.wp.com\/marcbuleon.com\/conte\/wp-content\/uploads\/2020\/08\/Couverture.jpg?resize=1152%2C1536&amp;ssl=1 1152w, https:\/\/i0.wp.com\/marcbuleon.com\/conte\/wp-content\/uploads\/2020\/08\/Couverture.jpg?w=1488&amp;ssl=1 1488w, https:\/\/i0.wp.com\/marcbuleon.com\/conte\/wp-content\/uploads\/2020\/08\/Couverture.jpg?w=1330 1330w\" sizes=\"(max-width: 204px) 100vw, 204px\" data-recalc-dims=\"1\" \/><\/figure><\/div>\n<\/div><\/div>\n\n\n\n<p>A vingt ans Z\u00e9phyrin Legros r\u00eave de devenir champion de la discipline.<\/p>\n\n\n\n<p>Sur les chemins escarp\u00e9s de l&rsquo;entra\u00eenement intensif, plusieurs fois il se fourvoie. Un jour il va trop loin et sa vie bascule.<\/p>\n\n\n\n<p>4 m\u00e8tres, c\u2019est la distance que devra tenter de franchir ce m\u00eame Z\u00e9phyrin Legros \u00e0 l\u2019\u00e2ge de quatre-vingts ans, la distance qui s\u00e9pare le fauteuil sur lequel il est assis de la porte des toilettes de sa chambre \u00e0 la maison de retraite\u2026<\/p>\n\n\n\n<p>42.195 est un r\u00e9cit qui parle de la trace qu&rsquo;on laisse derri\u00e8re soi. <\/p>\n\n\n\n<p><strong><em>Pour plus de renseignement sur le spectacle \u00e9ponyme, rendez-vous sur l&rsquo;onglet \u00ab\u00a0Spectacles \/ Public adulte<\/em> ou<\/strong><span class=\"has-inline-color has-vivid-red-color\"> marcbuleon@hotmail.com<\/span><\/p>\n\n\n\n<p><em><span class=\"has-inline-color has-vivid-red-color\">Pour commander : marcbuleon@hotmail.com \/ 00 33 6 61 89 92 94<\/span><\/em><\/p>\n\n\n\n<p><em>Prix : 10\u20ac + port<\/em><\/p>\n\n\n\n<p><\/p>\n\n\n\n<p><\/p>\n\n\n\n<h2>La g\u00e9om\u00e9trie des silences<\/h2>\n\n\n\n<p>(Illustr\u00e9 par Odile Kayser)<\/p>\n\n\n\n<div class=\"wp-block-image\"><figure class=\"aligncenter size-large is-resized\"><a href=\"https:\/\/i0.wp.com\/marcbuleon.com\/conte\/wp-content\/uploads\/2023\/11\/Couverture-GO.jpg\"><img data-attachment-id=\"963\" data-permalink=\"https:\/\/marcbuleon.com\/conte\/?attachment_id=963\" data-orig-file=\"https:\/\/i0.wp.com\/marcbuleon.com\/conte\/wp-content\/uploads\/2023\/11\/Couverture-GO.jpg?fit=1120%2C1450&amp;ssl=1\" data-orig-size=\"1120,1450\" data-comments-opened=\"0\" data-image-meta=\"{&quot;aperture&quot;:&quot;0&quot;,&quot;credit&quot;:&quot;&quot;,&quot;camera&quot;:&quot;&quot;,&quot;caption&quot;:&quot;&quot;,&quot;created_timestamp&quot;:&quot;0&quot;,&quot;copyright&quot;:&quot;&quot;,&quot;focal_length&quot;:&quot;0&quot;,&quot;iso&quot;:&quot;0&quot;,&quot;shutter_speed&quot;:&quot;0&quot;,&quot;title&quot;:&quot;&quot;,&quot;orientation&quot;:&quot;1&quot;}\" data-image-title=\"Couverture-GO\" data-image-description=\"\" data-medium-file=\"https:\/\/i0.wp.com\/marcbuleon.com\/conte\/wp-content\/uploads\/2023\/11\/Couverture-GO.jpg?fit=232%2C300&amp;ssl=1\" data-large-file=\"https:\/\/i0.wp.com\/marcbuleon.com\/conte\/wp-content\/uploads\/2023\/11\/Couverture-GO.jpg?fit=665%2C861&amp;ssl=1\" loading=\"lazy\" src=\"https:\/\/i0.wp.com\/marcbuleon.com\/conte\/wp-content\/uploads\/2023\/11\/Couverture-GO.jpg?fit=665%2C861\" alt=\"\" class=\"wp-image-963\" width=\"197\" height=\"255\" srcset=\"https:\/\/i0.wp.com\/marcbuleon.com\/conte\/wp-content\/uploads\/2023\/11\/Couverture-GO.jpg?w=1120&amp;ssl=1 1120w, https:\/\/i0.wp.com\/marcbuleon.com\/conte\/wp-content\/uploads\/2023\/11\/Couverture-GO.jpg?resize=232%2C300&amp;ssl=1 232w, https:\/\/i0.wp.com\/marcbuleon.com\/conte\/wp-content\/uploads\/2023\/11\/Couverture-GO.jpg?resize=791%2C1024&amp;ssl=1 791w, https:\/\/i0.wp.com\/marcbuleon.com\/conte\/wp-content\/uploads\/2023\/11\/Couverture-GO.jpg?resize=768%2C994&amp;ssl=1 768w\" sizes=\"(max-width: 197px) 100vw, 197px\" \/><\/a><\/figure><\/div>\n\n\n\n<p>\u00ab&nbsp;La g\u00e9om\u00e9trie des silences&nbsp;\u00bb est une \u00e9pop\u00e9e qui retrace le parcours d\u2019un homme autiste et son acc\u00e8s \u00e0 une forme de parole gr\u00e2ce \u00e0 une rencontre amoureuse avec une femme elle-m\u00eame autiste. Cette histoire est nourrie de l\u2019exp\u00e9rience que j\u2019ai acquise en tant que conteur au cours de 12 ann\u00e9es de collectages, d\u2019ateliers de la parole et de spectacles cr\u00e9\u00e9s conjointement avec huit hommes et femmes autistes.<\/p>\n\n\n\n<p>Le r\u00e9sultat est incroyablement vivant, triste parfois, mais souvent joyeux, comme le sont ces hommes et ces femmes dans la vraie vie, au-del\u00e0 de leur souffrance.<\/p>\n\n\n\n<p><em>J\u2019ai choisi la forme \u00ab&nbsp;\u00e9pique&nbsp;\u00bb&nbsp;&nbsp;tout simplement parce que la vie du personnage principal, P\u00e9p\u00e9 Buenos, Indien du Br\u00e9sil, a \u00e9t\u00e9 dans la r\u00e9alit\u00e9 \u00e9t\u00e9 une v\u00e9ritable \u00e9pop\u00e9e. De plus, cette forme permet par nature un passage permanent de la r\u00e9alit\u00e9 \u00e0 la fiction. O<strong>r, il s\u2019agit bien, dans ce spectacle, de partir d\u2019une exp\u00e9rience v\u00e9cue &#8211; la d\u00e9couverte en profondeur d\u2019un monde inconnu, l\u2019autisme &#8211; et de la restituer sous une forme artistique en la transcendant.<\/strong><\/em><\/p>\n\n\n\n<p><\/p>\n\n\n\n<p><em>Pour plus de renseignement sur le spectacle \u00e9ponyme, rendez-vous sur l&rsquo;onglet \u00ab\u00a0Spectacles \/ Public adulte<\/em> ou<mark style=\"background-color:rgba(0, 0, 0, 0)\" class=\"has-inline-color has-vivid-red-color\"> marcbuleon@hotmail.com<\/mark><\/p>\n\n\n\n<p><em><mark style=\"background-color:rgba(0, 0, 0, 0)\" class=\"has-inline-color has-vivid-red-color\">Pour commander : marcbuleon@hotmail.com \/ 00 33 6 61 89 92 94<\/mark><\/em><\/p>\n\n\n\n<p><em>Prix : 10\u20ac + port<\/em><\/p>\n\n\n\n<p><\/p>\n\n\n\n<p><\/p>\n\n\n\n<p><\/p>\n\n\n\n<p><strong>En Espagnol<\/strong><\/p>\n\n\n\n<h2><strong><mark style=\"background-color:rgba(0, 0, 0, 0)\" class=\"has-inline-color has-vivid-red-color\">\u00ab\u00a0La geometr\u00eda de los silencios\u00a0\u00bb<\/mark><\/strong><\/h2>\n\n\n\n<p>Bande dessin\u00e9e : illustrations : Carla Berrocal<\/p>\n\n\n<h4>Bande dessin\u00e9e <em>(ouvrage en langue espagnole)<\/em><\/h4>\n<p><a href=\"https:\/\/i1.wp.com\/marcbuleon.com\/conte\/wp-content\/uploads\/2014\/07\/bd-geometria.jpg\"><img data-attachment-id=\"685\" data-permalink=\"https:\/\/marcbuleon.com\/conte\/?attachment_id=685\" data-orig-file=\"https:\/\/i1.wp.com\/marcbuleon.com\/conte\/wp-content\/uploads\/2014\/07\/bd-geometria.jpg?fit=2232%2C2976&amp;ssl=1\" data-orig-size=\"2232,2976\" data-comments-opened=\"0\" data-image-meta=\"{&quot;aperture&quot;:&quot;0&quot;,&quot;credit&quot;:&quot;&quot;,&quot;camera&quot;:&quot;&quot;,&quot;caption&quot;:&quot;&quot;,&quot;created_timestamp&quot;:&quot;0&quot;,&quot;copyright&quot;:&quot;&quot;,&quot;focal_length&quot;:&quot;0&quot;,&quot;iso&quot;:&quot;0&quot;,&quot;shutter_speed&quot;:&quot;0&quot;,&quot;title&quot;:&quot;&quot;,&quot;orientation&quot;:&quot;1&quot;}\" data-image-title=\"bd geometria\" data-image-description=\"\" data-medium-file=\"https:\/\/i1.wp.com\/marcbuleon.com\/conte\/wp-content\/uploads\/2014\/07\/bd-geometria.jpg?fit=225%2C300&amp;ssl=1\" data-large-file=\"https:\/\/i1.wp.com\/marcbuleon.com\/conte\/wp-content\/uploads\/2014\/07\/bd-geometria.jpg?fit=665%2C887&amp;ssl=1\" loading=\"lazy\" class=\"alignright size-medium wp-image-685\" src=\"https:\/\/i1.wp.com\/marcbuleon.com\/conte\/wp-content\/uploads\/2014\/07\/bd-geometria.jpg?resize=225%2C300\" alt=\"bd geometria\" width=\"225\" height=\"300\" srcset=\"https:\/\/i1.wp.com\/marcbuleon.com\/conte\/wp-content\/uploads\/2014\/07\/bd-geometria.jpg?resize=225%2C300&amp;ssl=1 225w, https:\/\/i1.wp.com\/marcbuleon.com\/conte\/wp-content\/uploads\/2014\/07\/bd-geometria.jpg?resize=768%2C1024&amp;ssl=1 768w, https:\/\/i1.wp.com\/marcbuleon.com\/conte\/wp-content\/uploads\/2014\/07\/bd-geometria.jpg?w=1330 1330w, https:\/\/i1.wp.com\/marcbuleon.com\/conte\/wp-content\/uploads\/2014\/07\/bd-geometria.jpg?w=1995 1995w\" sizes=\"(max-width: 225px) 100vw, 225px\" data-recalc-dims=\"1\" \/><\/a><\/p>\n<div><em>La geometr\u00eda de los silencios\u00a0\u00bb est une BD tir\u00e9e du spectacle \u00e9ponyme de Marc Bul\u00e9on. Ce spectacle a \u00e9t\u00e9 jou\u00e9 pr\u00e8s de 200 fois en France, Espagne, Congo, Colombie, Uruguay, Argentine, Burkina-Faso, Pologne\u2026<\/em><\/div>\n<div><em>Le spectacle et la BD retracent&nbsp;le parcours d\u2019un homme autiste, sa vie au quotidien avec des hommes et des femmes atteints de la m\u00eame maladie et son acc\u00e8s \u00e0 une forme de parole gr\u00e2ce \u00e0 une rencontre amoureuse. Cette histoire est nourrie de l\u2019exp\u00e9rience acquise au cours de 14 ann\u00e9es de collectages et d\u2019ateliers de la parole avec des adultes autistes.<\/em><\/div>\n\n\n<p><em><span class=\"has-inline-color has-vivid-red-color\">Pour commander : marcbuleon@hotmail.com \/ 00 33 6 61 89 92 94<\/span><\/em><\/p>\n\n\n\n<p>Prix : 15\u20ac + port (d\u00e9part de France)<\/p>\n\n\n\n<h2>T\u00e9moignage<\/h2>\n\n\n\n<h2><mark style=\"background-color:rgba(0, 0, 0, 0)\" class=\"has-inline-color has-vivid-red-color\">\u00ab\u00a0Toi, l&rsquo;Autre moi\u00a0\u00bb<\/mark><\/h2>\n\n\n\n<p><a rel=\"noreferrer noopener\" href=\"http:\/\/www.priceminister.com\/s\/marc+bul%E9on\" target=\"_blank\">Hommage \u00c0 huit Conteurs De S\u00e9same Autisme<\/a><strong>&nbsp;\/ Livre \u00e9puis\u00e9!<\/strong><\/p>\n\n\n\n<p><a rel=\"noreferrer noopener\" href=\"http:\/\/www.priceminister.com\/s\/marc+bul%E9on\" target=\"_blank\">Livre \u00ab\u00a0Toi, L&rsquo;autre Moi\u00a0\u00bb &#8211; Hommage \u00c0 Huit Conteurs De S\u00e9same Autisme<\/a><strong>&nbsp;(Livre \u00e9puis\u00e9!!)<\/strong><br><br><em>\u00ab Lors de mes premi\u00e8res rencontres avec les adultes de l\u2019association S\u00e9same Autisme 44 je n\u2019ai fait que raconter. Petit \u00e0 petit nous nous sommes apprivois\u00e9s. Ils m\u2019ont alors offert leurs rires, leurs regards qu\u2019ils n\u2019accordent pas \u00e0 tout le monde, leur confiance.<br>Avec huit d\u2019entre eux nous avons continu\u00e9 l\u2019aventure cinq ann\u00e9es durant. Nous avons chemin\u00e9 jusqu\u2019\u00e0 ce qu\u2019ils d\u00e9couvrent, \u00e0 leur tour, le plaisir de raconter en public, \u00e0 leur fa\u00e7on si particuli\u00e8re et si forte.<br>Il fallait bien que je rende hommage \u00e0 ces huit femmes et hommes qui m\u2019ont tant apport\u00e9. Alors j\u2019ai collect\u00e9 leurs paroles, leurs fragments de phrases, leurs silences. J\u2019ai travaill\u00e9 cette mati\u00e8re orale comme un sculpteur travaille l\u2019argile et j\u2019en ai fait des portraits. J\u2019ai aussi recueilli les t\u00e9moignages de leurs parents : paroles \u00e9mues, m\u00e9lange de souffrance, d\u2019amour et de joie. Je me suis enfin permis d\u2019\u00e9crire ce que je croyais que me disaient, ou me criaient parfois, celles ou ceux qui ne peuvent pas parler. \u00bb<\/em><br><\/p>\n","protected":false},"excerpt":{"rendered":"<p>\u00ab\u00a042.195, le marathon d&rsquo;une vie\u00a0\u00bb (illustr\u00e9 par Odile Kayser) 42.195, c\u2019est la longueur pr\u00e9cise, en m\u00e8tres, d\u2019un marathon. A vingt ans Z\u00e9phyrin Legros r\u00eave de devenir champion de la discipline. Sur les chemins escarp\u00e9s de l&rsquo;entra\u00eenement intensif, plusieurs fois il se fourvoie. Un jour il va trop loin et sa vie bascule. 4 m\u00e8tres, c\u2019est [&hellip;]<\/p>\n","protected":false},"author":1,"featured_media":0,"parent":0,"menu_order":0,"comment_status":"closed","ping_status":"closed","template":"","meta":{"spay_email":""},"jetpack_sharing_enabled":true,"jetpack_likes_enabled":true,"_links":{"self":[{"href":"https:\/\/marcbuleon.com\/conte\/index.php?rest_route=\/wp\/v2\/pages\/184"}],"collection":[{"href":"https:\/\/marcbuleon.com\/conte\/index.php?rest_route=\/wp\/v2\/pages"}],"about":[{"href":"https:\/\/marcbuleon.com\/conte\/index.php?rest_route=\/wp\/v2\/types\/page"}],"author":[{"embeddable":true,"href":"https:\/\/marcbuleon.com\/conte\/index.php?rest_route=\/wp\/v2\/users\/1"}],"replies":[{"embeddable":true,"href":"https:\/\/marcbuleon.com\/conte\/index.php?rest_route=%2Fwp%2Fv2%2Fcomments&post=184"}],"version-history":[{"count":15,"href":"https:\/\/marcbuleon.com\/conte\/index.php?rest_route=\/wp\/v2\/pages\/184\/revisions"}],"predecessor-version":[{"id":962,"href":"https:\/\/marcbuleon.com\/conte\/index.php?rest_route=\/wp\/v2\/pages\/184\/revisions\/962"}],"wp:attachment":[{"href":"https:\/\/marcbuleon.com\/conte\/index.php?rest_route=%2Fwp%2Fv2%2Fmedia&parent=184"}],"curies":[{"name":"wp","href":"https:\/\/api.w.org\/{rel}","templated":true}]}}