{"id":164,"date":"2014-07-30T15:04:46","date_gmt":"2014-07-30T15:04:46","guid":{"rendered":"http:\/\/marcbuleon.com\/conte\/?page_id=164"},"modified":"2020-08-12T14:24:33","modified_gmt":"2020-08-12T14:24:33","slug":"le-bossu","status":"publish","type":"page","link":"https:\/\/marcbuleon.com\/conte\/?page_id=164","title":{"rendered":"Les tribulations d&rsquo;un bossu"},"content":{"rendered":"<div id=\"attachment_288\" style=\"width: 252px\" class=\"wp-caption alignright\"><a href=\"https:\/\/i0.wp.com\/marcbuleon.com\/conte\/wp-content\/uploads\/2014\/07\/LE-BOSSU.daniel-estades.jpg\"><img aria-describedby=\"caption-attachment-288\" data-attachment-id=\"288\" data-permalink=\"https:\/\/marcbuleon.com\/conte\/?attachment_id=288\" data-orig-file=\"https:\/\/i0.wp.com\/marcbuleon.com\/conte\/wp-content\/uploads\/2014\/07\/LE-BOSSU.daniel-estades.jpg?fit=6016%2C4016&amp;ssl=1\" data-orig-size=\"6016,4016\" data-comments-opened=\"0\" data-image-meta=\"{&quot;aperture&quot;:&quot;4.5&quot;,&quot;credit&quot;:&quot;&quot;,&quot;camera&quot;:&quot;NIKON D600&quot;,&quot;caption&quot;:&quot;&quot;,&quot;created_timestamp&quot;:&quot;1368876949&quot;,&quot;copyright&quot;:&quot;&quot;,&quot;focal_length&quot;:&quot;85&quot;,&quot;iso&quot;:&quot;2500&quot;,&quot;shutter_speed&quot;:&quot;0.016666666666667&quot;,&quot;title&quot;:&quot;&quot;}\" data-image-title=\"LE BOSSU.daniel estades\" data-image-description=\"\" data-medium-file=\"https:\/\/i0.wp.com\/marcbuleon.com\/conte\/wp-content\/uploads\/2014\/07\/LE-BOSSU.daniel-estades.jpg?fit=300%2C200&amp;ssl=1\" data-large-file=\"https:\/\/i0.wp.com\/marcbuleon.com\/conte\/wp-content\/uploads\/2014\/07\/LE-BOSSU.daniel-estades.jpg?fit=665%2C444&amp;ssl=1\" loading=\"lazy\" class=\"wp-image-288 \" src=\"https:\/\/i1.wp.com\/marcbuleon.com\/conte\/wp-content\/uploads\/2014\/07\/LE-BOSSU.daniel-estades-300x200.jpg?resize=242%2C161\" alt=\"Cr\u00e9dit photo : Daniel Estades\" width=\"242\" height=\"161\" srcset=\"https:\/\/i0.wp.com\/marcbuleon.com\/conte\/wp-content\/uploads\/2014\/07\/LE-BOSSU.daniel-estades.jpg?resize=300%2C200&amp;ssl=1 300w, https:\/\/i0.wp.com\/marcbuleon.com\/conte\/wp-content\/uploads\/2014\/07\/LE-BOSSU.daniel-estades.jpg?resize=1024%2C683&amp;ssl=1 1024w, https:\/\/i0.wp.com\/marcbuleon.com\/conte\/wp-content\/uploads\/2014\/07\/LE-BOSSU.daniel-estades.jpg?w=1330 1330w, https:\/\/i0.wp.com\/marcbuleon.com\/conte\/wp-content\/uploads\/2014\/07\/LE-BOSSU.daniel-estades.jpg?w=1995 1995w\" sizes=\"(max-width: 242px) 100vw, 242px\" data-recalc-dims=\"1\" \/><\/a><p id=\"caption-attachment-288\" class=\"wp-caption-text\">Cr\u00e9dit photo : Daniel Estades<\/p><\/div>\n<p><span style=\"text-decoration: underline;\">A\u00a0 partir de 8 ans<\/span><\/p>\n<h4><strong>L&rsquo;histoire :<\/strong><\/h4>\n<h4>Chaque histoire en cache une autre dans un joyeux capharna\u00fcm, des proc\u00e9d\u00e9s d&rsquo;\u00e9criture qui se superposent, des m\u00e9taphores, du jeu de langage, de la po\u00e9sie et des mots, encore des mots pour raconter ce passage des 1001 Nuits.<\/h4>\n\n\n<p><\/p>\n\n\n\n<p><em><span class=\"has-inline-color has-vivid-cyan-blue-color\">Plus de renseignements : marcbuleon@hotmail.com \/ 00 33 6 61 89 92 94<\/span><\/em><\/p>\n","protected":false},"excerpt":{"rendered":"<p>A\u00a0 partir de 8 ans L&rsquo;histoire : Chaque histoire en cache une autre dans un joyeux capharna\u00fcm, des proc\u00e9d\u00e9s d&rsquo;\u00e9criture qui se superposent, des m\u00e9taphores, du jeu de langage, de la po\u00e9sie et des mots, encore des mots pour raconter ce passage des 1001 Nuits. Plus de renseignements : marcbuleon@hotmail.com \/ 00 33 6 61 [&hellip;]<\/p>\n","protected":false},"author":1,"featured_media":0,"parent":24,"menu_order":10,"comment_status":"closed","ping_status":"closed","template":"","meta":{"spay_email":""},"jetpack_sharing_enabled":true,"jetpack_likes_enabled":true,"_links":{"self":[{"href":"https:\/\/marcbuleon.com\/conte\/index.php?rest_route=\/wp\/v2\/pages\/164"}],"collection":[{"href":"https:\/\/marcbuleon.com\/conte\/index.php?rest_route=\/wp\/v2\/pages"}],"about":[{"href":"https:\/\/marcbuleon.com\/conte\/index.php?rest_route=\/wp\/v2\/types\/page"}],"author":[{"embeddable":true,"href":"https:\/\/marcbuleon.com\/conte\/index.php?rest_route=\/wp\/v2\/users\/1"}],"replies":[{"embeddable":true,"href":"https:\/\/marcbuleon.com\/conte\/index.php?rest_route=%2Fwp%2Fv2%2Fcomments&post=164"}],"version-history":[{"count":8,"href":"https:\/\/marcbuleon.com\/conte\/index.php?rest_route=\/wp\/v2\/pages\/164\/revisions"}],"predecessor-version":[{"id":833,"href":"https:\/\/marcbuleon.com\/conte\/index.php?rest_route=\/wp\/v2\/pages\/164\/revisions\/833"}],"up":[{"embeddable":true,"href":"https:\/\/marcbuleon.com\/conte\/index.php?rest_route=\/wp\/v2\/pages\/24"}],"wp:attachment":[{"href":"https:\/\/marcbuleon.com\/conte\/index.php?rest_route=%2Fwp%2Fv2%2Fmedia&parent=164"}],"curies":[{"name":"wp","href":"https:\/\/api.w.org\/{rel}","templated":true}]}}