{"id":159,"date":"2014-07-30T15:00:34","date_gmt":"2014-07-30T15:00:34","guid":{"rendered":"http:\/\/marcbuleon.com\/conte\/?page_id=159"},"modified":"2023-02-01T17:25:56","modified_gmt":"2023-02-01T17:25:56","slug":"babel-creation-en-decembre-2013","status":"publish","type":"page","link":"https:\/\/marcbuleon.com\/conte\/?page_id=159","title":{"rendered":"BABEL (Ce spectacle n&rsquo;est plus disponible)"},"content":{"rendered":"\n<h3>&nbsp;R\u00e9cit et th\u00e9\u00e2tre d&rsquo;objets<\/h3>\n\n\n\n<h5><strong>(A partir de 9 ans)<\/strong><\/h5>\n\n\n\n<blockquote class=\"wp-block-quote\"><p><mark style=\"background-color:rgba(0, 0, 0, 0)\" class=\"has-inline-color has-vivid-cyan-blue-color\">\u00ab\u00a0<em>Un petit bijou de conte \u00e0 mettre entre toutes les mains, les oreilles et les yeux.\u00bb<\/em><\/mark><\/p><cite><em>Stephane .Pajot \u2013 Presse Oc\u00e9an<\/em><\/cite><\/blockquote>\n\n\n\n<p><strong>L&rsquo;histoire : <\/strong><\/p>\n\n\n\n<p>A base de langages (r\u00e9) invent\u00e9s des mondes d\u2019hier et d\u2019aujourd\u2019hui, d\u2019ombres port\u00e9es \u00e0 la chinoise, de fins cordages emm\u00eal\u00e9s, de fil de fer rouill\u00e9s, entrelac\u00e9s, de bonshommes improbables sculpt\u00e9s dans le cuivre, on entre dans le r\u00e9cit mythologique.<\/p>\n\n\n\n<p>Une histoire terrible, ancienne comme le monde, et pourtant tellement d&rsquo;actualit\u00e9.<\/p>\n\n\n\n<p><mark style=\"background-color:rgba(0, 0, 0, 0)\" class=\"has-inline-color has-vivid-cyan-blue-color\">Pour plus d&rsquo;informations : marcbuleon@hotmail.com &#8211; 00 33 6 <\/mark><a href=\"Pour plus d\u2019informations : marcbuleon@hotmail.com \u2013 00 33 6 61 89 92 94\"><mark style=\"background-color:rgba(0, 0, 0, 0)\" class=\"has-inline-color has-vivid-cyan-blue-color\">61 89 92 94 <\/mark><\/a><\/p>\n\n\n<p><iframe loading=\"lazy\" src=\"http:\/\/player.vimeo.com\/video\/85234480?title=0&amp;byline=0&amp;portrait=0&amp;color=377c8b&amp;autoplay=1\" width=\"500\" height=\"281\" frameborder=\"0\" allowfullscreen=\"allowfullscreen\"><\/iframe><\/p>\n\n\n<p><\/p>\n","protected":false},"excerpt":{"rendered":"<p>&nbsp;R\u00e9cit et th\u00e9\u00e2tre d&rsquo;objets (A partir de 9 ans) \u00ab\u00a0Un petit bijou de conte \u00e0 mettre entre toutes les mains, les oreilles et les yeux.\u00bb Stephane .Pajot \u2013 Presse Oc\u00e9an L&rsquo;histoire : A base de langages (r\u00e9) invent\u00e9s des mondes d\u2019hier et d\u2019aujourd\u2019hui, d\u2019ombres port\u00e9es \u00e0 la chinoise, de fins cordages emm\u00eal\u00e9s, de fil de [&hellip;]<\/p>\n","protected":false},"author":1,"featured_media":0,"parent":24,"menu_order":5,"comment_status":"closed","ping_status":"closed","template":"","meta":{"spay_email":""},"jetpack_sharing_enabled":true,"jetpack_likes_enabled":true,"_links":{"self":[{"href":"https:\/\/marcbuleon.com\/conte\/index.php?rest_route=\/wp\/v2\/pages\/159"}],"collection":[{"href":"https:\/\/marcbuleon.com\/conte\/index.php?rest_route=\/wp\/v2\/pages"}],"about":[{"href":"https:\/\/marcbuleon.com\/conte\/index.php?rest_route=\/wp\/v2\/types\/page"}],"author":[{"embeddable":true,"href":"https:\/\/marcbuleon.com\/conte\/index.php?rest_route=\/wp\/v2\/users\/1"}],"replies":[{"embeddable":true,"href":"https:\/\/marcbuleon.com\/conte\/index.php?rest_route=%2Fwp%2Fv2%2Fcomments&post=159"}],"version-history":[{"count":17,"href":"https:\/\/marcbuleon.com\/conte\/index.php?rest_route=\/wp\/v2\/pages\/159\/revisions"}],"predecessor-version":[{"id":932,"href":"https:\/\/marcbuleon.com\/conte\/index.php?rest_route=\/wp\/v2\/pages\/159\/revisions\/932"}],"up":[{"embeddable":true,"href":"https:\/\/marcbuleon.com\/conte\/index.php?rest_route=\/wp\/v2\/pages\/24"}],"wp:attachment":[{"href":"https:\/\/marcbuleon.com\/conte\/index.php?rest_route=%2Fwp%2Fv2%2Fmedia&parent=159"}],"curies":[{"name":"wp","href":"https:\/\/api.w.org\/{rel}","templated":true}]}}