{"id":155,"date":"2014-07-30T14:57:48","date_gmt":"2014-07-30T14:57:48","guid":{"rendered":"http:\/\/marcbuleon.com\/conte\/?page_id=155"},"modified":"2020-08-11T15:09:38","modified_gmt":"2020-08-11T15:09:38","slug":"a-portee-de-voix","status":"publish","type":"page","link":"https:\/\/marcbuleon.com\/conte\/?page_id=155","title":{"rendered":"A port\u00e9e de voix"},"content":{"rendered":"\n<blockquote class=\"wp-block-quote\"><p><em><span class=\"has-inline-color has-vivid-cyan-blue-color\">\u00a0\u00bb Tour \u00e0 tour conteur, com\u00e9dien ou t\u00e9moin, Marc Bul\u00e9on donne \u00e0 voir avec le plus grand respect l&rsquo;intime des ces personnes, leur combat pour gagner la parole, la force de vie qui les anime&#8230;\u00a0\u00bb<\/span><\/em><\/p><cite>                                                                                                  Ouest-France<\/cite><\/blockquote>\n\n\n<div>\n<h2><b>R\u00e9cit imaginaire de vraies vies<\/b><\/h2>\n<p><span style=\"text-decoration: underline;\">A partir de 11 ans<\/span><\/p>\n<p>\u00ab\u00a0A port\u00e9e de voix\u00a0\u00bb raconte l\u2019odyss\u00e9e de compagnons autistes qui se battent durant des ann\u00e9es pour acqu\u00e9rir une certaine forme de parole et pouvoir un jour partager leurs histoires avec un large public.<a href=\"https:\/\/i0.wp.com\/marcbuleon.com\/conte\/wp-content\/uploads\/2020\/08\/MARC-BULEON-cre\u0301dit-Monsieur-Ferrow-portrait-a\u0300-le\u0301ventail-Version-2-copie-scaled.jpg\"><img data-attachment-id=\"768\" data-permalink=\"https:\/\/marcbuleon.com\/conte\/?attachment_id=768\" data-orig-file=\"https:\/\/i0.wp.com\/marcbuleon.com\/conte\/wp-content\/uploads\/2020\/08\/MARC-BULEON-cre\u0301dit-Monsieur-Ferrow-portrait-a\u0300-le\u0301ventail-Version-2-copie-scaled.jpg?fit=1961%2C2560&amp;ssl=1\" data-orig-size=\"1961,2560\" data-comments-opened=\"0\" data-image-meta=\"{&quot;aperture&quot;:&quot;3.2&quot;,&quot;credit&quot;:&quot;&quot;,&quot;camera&quot;:&quot;Canon EOS 6D&quot;,&quot;caption&quot;:&quot;&quot;,&quot;created_timestamp&quot;:&quot;946684810&quot;,&quot;copyright&quot;:&quot;&quot;,&quot;focal_length&quot;:&quot;35&quot;,&quot;iso&quot;:&quot;200&quot;,&quot;shutter_speed&quot;:&quot;0.0008&quot;,&quot;title&quot;:&quot;&quot;,&quot;orientation&quot;:&quot;1&quot;}\" data-image-title=\"MARC BULEON-cre\u0301dit Monsieur Ferrow- portrait a\u0300 l&amp;rsquo;e\u0301ventail &#8211; Version 2 copie\" data-image-description=\"\" data-medium-file=\"https:\/\/i0.wp.com\/marcbuleon.com\/conte\/wp-content\/uploads\/2020\/08\/MARC-BULEON-cre\u0301dit-Monsieur-Ferrow-portrait-a\u0300-le\u0301ventail-Version-2-copie-scaled.jpg?fit=230%2C300&amp;ssl=1\" data-large-file=\"https:\/\/i0.wp.com\/marcbuleon.com\/conte\/wp-content\/uploads\/2020\/08\/MARC-BULEON-cre\u0301dit-Monsieur-Ferrow-portrait-a\u0300-le\u0301ventail-Version-2-copie-scaled.jpg?fit=665%2C869&amp;ssl=1\" loading=\"lazy\" class=\"alignright size-medium wp-image-768\" src=\"https:\/\/i2.wp.com\/marcbuleon.com\/conte\/wp-content\/uploads\/2020\/08\/MARC-BULEON-cre\u0301dit-Monsieur-Ferrow-portrait-a\u0300-le\u0301ventail-Version-2-copie.jpg?resize=230%2C300\" alt=\"\" width=\"230\" height=\"300\" srcset=\"https:\/\/i0.wp.com\/marcbuleon.com\/conte\/wp-content\/uploads\/2020\/08\/MARC-BULEON-cre\u0301dit-Monsieur-Ferrow-portrait-a\u0300-le\u0301ventail-Version-2-copie-scaled.jpg?resize=230%2C300&amp;ssl=1 230w, https:\/\/i0.wp.com\/marcbuleon.com\/conte\/wp-content\/uploads\/2020\/08\/MARC-BULEON-cre\u0301dit-Monsieur-Ferrow-portrait-a\u0300-le\u0301ventail-Version-2-copie-scaled.jpg?resize=784%2C1024&amp;ssl=1 784w, https:\/\/i0.wp.com\/marcbuleon.com\/conte\/wp-content\/uploads\/2020\/08\/MARC-BULEON-cre\u0301dit-Monsieur-Ferrow-portrait-a\u0300-le\u0301ventail-Version-2-copie-scaled.jpg?resize=768%2C1003&amp;ssl=1 768w, https:\/\/i0.wp.com\/marcbuleon.com\/conte\/wp-content\/uploads\/2020\/08\/MARC-BULEON-cre\u0301dit-Monsieur-Ferrow-portrait-a\u0300-le\u0301ventail-Version-2-copie-scaled.jpg?resize=1177%2C1536&amp;ssl=1 1177w, https:\/\/i0.wp.com\/marcbuleon.com\/conte\/wp-content\/uploads\/2020\/08\/MARC-BULEON-cre\u0301dit-Monsieur-Ferrow-portrait-a\u0300-le\u0301ventail-Version-2-copie-scaled.jpg?resize=1569%2C2048&amp;ssl=1 1569w, https:\/\/i0.wp.com\/marcbuleon.com\/conte\/wp-content\/uploads\/2020\/08\/MARC-BULEON-cre\u0301dit-Monsieur-Ferrow-portrait-a\u0300-le\u0301ventail-Version-2-copie-scaled.jpg?w=1961&amp;ssl=1 1961w, https:\/\/i0.wp.com\/marcbuleon.com\/conte\/wp-content\/uploads\/2020\/08\/MARC-BULEON-cre\u0301dit-Monsieur-Ferrow-portrait-a\u0300-le\u0301ventail-Version-2-copie-scaled.jpg?w=1330 1330w\" sizes=\"(max-width: 230px) 100vw, 230px\" data-recalc-dims=\"1\" \/><\/a><\/p>\n<p>Nous suivons ces trois femmes et ces cinq hommes dans leur quotidien \u00e0 travers les p\u00e9rip\u00e9ties d\u2019un long voyage qui doit les mener sur la sc\u00e8ne d\u2019un grand festival. Comment vont-ils g\u00e9rer leurs angoisses, leurs envies, leurs d\u00e9sirs? Que va devenir leur complicit\u00e9 et leur enthousiasme face \u00e0 la panique qu\u2019engendre le d\u00e9racinement\u00a0?<\/p>\n<p><span style=\"color: #0000ff;\">Pour plus de renseignements :<\/span><\/p>\n<p><span style=\"color: #0000ff;\">marcbuleon@hotmail.com \/ 00 33 6 61 89 92 94<\/span><\/p>\n<p><br style=\"color: #000000;\" \/><span style=\"color: #000000;\"><br \/><\/span><\/p>\n<\/div>","protected":false},"excerpt":{"rendered":"<p>\u00a0\u00bb Tour \u00e0 tour conteur, com\u00e9dien ou t\u00e9moin, Marc Bul\u00e9on donne \u00e0 voir avec le plus grand respect l&rsquo;intime des ces personnes, leur combat pour gagner la parole, la force de vie qui les anime&#8230;\u00a0\u00bb Ouest-France R\u00e9cit imaginaire de vraies vies A partir de 11 ans \u00ab\u00a0A port\u00e9e de voix\u00a0\u00bb raconte l\u2019odyss\u00e9e de compagnons autistes [&hellip;]<\/p>\n","protected":false},"author":1,"featured_media":0,"parent":24,"menu_order":2,"comment_status":"closed","ping_status":"closed","template":"","meta":{"spay_email":""},"jetpack_sharing_enabled":true,"jetpack_likes_enabled":true,"_links":{"self":[{"href":"https:\/\/marcbuleon.com\/conte\/index.php?rest_route=\/wp\/v2\/pages\/155"}],"collection":[{"href":"https:\/\/marcbuleon.com\/conte\/index.php?rest_route=\/wp\/v2\/pages"}],"about":[{"href":"https:\/\/marcbuleon.com\/conte\/index.php?rest_route=\/wp\/v2\/types\/page"}],"author":[{"embeddable":true,"href":"https:\/\/marcbuleon.com\/conte\/index.php?rest_route=\/wp\/v2\/users\/1"}],"replies":[{"embeddable":true,"href":"https:\/\/marcbuleon.com\/conte\/index.php?rest_route=%2Fwp%2Fv2%2Fcomments&post=155"}],"version-history":[{"count":12,"href":"https:\/\/marcbuleon.com\/conte\/index.php?rest_route=\/wp\/v2\/pages\/155\/revisions"}],"predecessor-version":[{"id":806,"href":"https:\/\/marcbuleon.com\/conte\/index.php?rest_route=\/wp\/v2\/pages\/155\/revisions\/806"}],"up":[{"embeddable":true,"href":"https:\/\/marcbuleon.com\/conte\/index.php?rest_route=\/wp\/v2\/pages\/24"}],"wp:attachment":[{"href":"https:\/\/marcbuleon.com\/conte\/index.php?rest_route=%2Fwp%2Fv2%2Fmedia&parent=155"}],"curies":[{"name":"wp","href":"https:\/\/api.w.org\/{rel}","templated":true}]}}