{"id":101,"date":"2014-07-30T13:48:17","date_gmt":"2014-07-30T13:48:17","guid":{"rendered":"http:\/\/marcbuleon.com\/conte\/?page_id=101"},"modified":"2026-01-09T10:03:23","modified_gmt":"2026-01-09T10:03:23","slug":"actu","status":"publish","type":"page","link":"https:\/\/marcbuleon.com\/conte\/","title":{"rendered":"Actualit\u00e9"},"content":{"rendered":"\n<p><em>Derni\u00e8re mise \u00e0 jour : <\/em>Janvier 2026<\/p>\n\n\n\n<p><strong>En ce d\u00e9but d&rsquo;ann\u00e9e 2026<\/strong>, je sors d&rsquo;une r\u00e9sidence au Grand Lieu du Conte. J&rsquo;y ai peaufin\u00e9 <strong>mon prochain spectacle \u00ab\u00a0R\u00e9cus\u00e9!\u00a0\u00bb<\/strong>. Il s&rsquo;agit d&rsquo;un r\u00e9cit de vie \u00e9crit \u00e0 partir de mon exp\u00e9rience de jur\u00e9 d&rsquo;assises.<\/p>\n\n\n\n<p><em>Le personnage principal, tir\u00e9 au sort pour si\u00e9ger \u00e0 une session de cour d&rsquo;assise, se retrouve confront\u00e9 \u00e0 son propre pass\u00e9. Il porte en lui une culpabilit\u00e9 qui rend sa posture de juge tr\u00e8s inconfortable&#8230;<\/em> <\/p>\n\n\n\n<p>Le titre actuel  de cette proposition \u00ab\u00a0R\u00e9cus\u00e9!\u00a0\u00bb est sans doute provisoire.<\/p>\n\n\n\n<p>Apr\u00e8s une seconde r\u00e9sidence en f\u00e9vrier, j&rsquo;en donnerai une avant-premi\u00e8re le jeudi 5 mars pr\u00e8s de Callac (29)<\/p>\n\n\n\n<p><strong>Par ailleurs,avec Odile Kayser, <\/strong>nous exposerons nos sculptures et tableaux en marqueterie dans ce m\u00eame Grand Lieu du Conte \u00e0 partir du 1er avril pour une dur\u00e9e de quatre mois. Si vous voulez voir les derni\u00e8res cr\u00e9ations, c&rsquo;est ici :<\/p>\n\n\n\n<p><a href=\"https:\/\/marcbuleon5.wixsite.com\/marqueteries\">https:\/\/marcbuleon5.wixsite.com\/marqueteries<\/a><\/p>\n\n\n\n<p>Pour en savoir plus, voir l&rsquo;onglet \u00ab\u00a0Marqueteries\u00a0\u00bb sur la page d&rsquo;accueil.<\/p>\n\n\n\n<h5><strong>Et encore et toujours, pour des retrouvailles \u00e9mouvantes \u00e0 chaque repr\u00e9sentation<\/strong> : \u00ab\u00a0<strong>L<\/strong>a g\u00e9om\u00e9trie des silences\u00a0\u00bb, A port\u00e9e de voix\u00a0\u00bb et \u00ab\u00a042.195, le marathon d&rsquo;une vie\u00a0\u00bb (Voir Agenda 2025 et 2026)                                                                                  <\/h5>\n\n\n\n<p>Pour voir des extraits, voir plus haut dans \u00ab\u00a0vid\u00e9os\u00a0\u00bb<\/p>\n\n\n<p><\/p>\n<h5>&nbsp;<\/h5>\n<h4 style=\"text-align: center;\">&nbsp;<\/h4>\n\n\n<p><\/p>\n\n\n\n<p><\/p>\n","protected":false},"excerpt":{"rendered":"<p>Derni\u00e8re mise \u00e0 jour : Janvier 2026 En ce d\u00e9but d&rsquo;ann\u00e9e 2026, je sors d&rsquo;une r\u00e9sidence au Grand Lieu du Conte. J&rsquo;y ai peaufin\u00e9 mon prochain spectacle \u00ab\u00a0R\u00e9cus\u00e9!\u00a0\u00bb. Il s&rsquo;agit d&rsquo;un r\u00e9cit de vie \u00e9crit \u00e0 partir de mon exp\u00e9rience de jur\u00e9 d&rsquo;assises. Le personnage principal, tir\u00e9 au sort pour si\u00e9ger \u00e0 une session de [&hellip;]<\/p>\n","protected":false},"author":1,"featured_media":0,"parent":0,"menu_order":0,"comment_status":"closed","ping_status":"closed","template":"","meta":{"spay_email":""},"jetpack_sharing_enabled":true,"jetpack_likes_enabled":true,"_links":{"self":[{"href":"https:\/\/marcbuleon.com\/conte\/index.php?rest_route=\/wp\/v2\/pages\/101"}],"collection":[{"href":"https:\/\/marcbuleon.com\/conte\/index.php?rest_route=\/wp\/v2\/pages"}],"about":[{"href":"https:\/\/marcbuleon.com\/conte\/index.php?rest_route=\/wp\/v2\/types\/page"}],"author":[{"embeddable":true,"href":"https:\/\/marcbuleon.com\/conte\/index.php?rest_route=\/wp\/v2\/users\/1"}],"replies":[{"embeddable":true,"href":"https:\/\/marcbuleon.com\/conte\/index.php?rest_route=%2Fwp%2Fv2%2Fcomments&post=101"}],"version-history":[{"count":104,"href":"https:\/\/marcbuleon.com\/conte\/index.php?rest_route=\/wp\/v2\/pages\/101\/revisions"}],"predecessor-version":[{"id":1019,"href":"https:\/\/marcbuleon.com\/conte\/index.php?rest_route=\/wp\/v2\/pages\/101\/revisions\/1019"}],"wp:attachment":[{"href":"https:\/\/marcbuleon.com\/conte\/index.php?rest_route=%2Fwp%2Fv2%2Fmedia&parent=101"}],"curies":[{"name":"wp","href":"https:\/\/api.w.org\/{rel}","templated":true}]}}